{"id":1732,"date":"2024-04-16T17:08:51","date_gmt":"2024-04-16T14:08:51","guid":{"rendered":"https:\/\/ringhaaling.ee\/first-radio-broadcast-from-haapsalu\/"},"modified":"2024-05-09T18:04:44","modified_gmt":"2024-05-09T15:04:44","slug":"first-radio-broadcast-from-haapsalu","status":"publish","type":"page","link":"https:\/\/ringhaaling.ee\/en\/first-radio-broadcast-from-haapsalu\/","title":{"rendered":"First radio broadcast from Haapsalu"},"content":{"rendered":"\t\t<div data-elementor-type=\"wp-page\" data-elementor-id=\"1732\" class=\"elementor elementor-1732 elementor-1714\" data-elementor-post-type=\"page\">\n\t\t\t\t\t\t<section class=\"elementor-section elementor-top-section elementor-element elementor-element-0e2bb4e elementor-section-content-middle elementor-section-boxed elementor-section-height-default elementor-section-height-default\" data-id=\"0e2bb4e\" data-element_type=\"section\" data-e-type=\"section\">\n\t\t\t\t\t\t<div class=\"elementor-container elementor-column-gap-default\">\n\t\t\t\t\t<div class=\"elementor-column elementor-col-33 elementor-top-column elementor-element elementor-element-4b8ef93\" data-id=\"4b8ef93\" data-element_type=\"column\" data-e-type=\"column\">\n\t\t\t<div class=\"elementor-widget-wrap elementor-element-populated\">\n\t\t\t\t\t\t<div class=\"elementor-element elementor-element-403c3d0 elementor-widget elementor-widget-image\" data-id=\"403c3d0\" data-element_type=\"widget\" data-e-type=\"widget\" data-widget_type=\"image.default\">\n\t\t\t\t<div class=\"elementor-widget-container\">\n\t\t\t\t\t\t\t\t\t\t\t\t\t\t\t<img fetchpriority=\"high\" decoding=\"async\" width=\"800\" height=\"800\" src=\"https:\/\/ringhaaling.ee\/wp-content\/uploads\/2024\/05\/Veebifailid_859_raadio_mark-1024x1024.webp\" class=\"attachment-large size-large wp-image-1766\" alt=\"\" srcset=\"https:\/\/ringhaaling.ee\/wp-content\/uploads\/2024\/05\/Veebifailid_859_raadio_mark-1024x1024.webp 1024w, https:\/\/ringhaaling.ee\/wp-content\/uploads\/2024\/05\/Veebifailid_859_raadio_mark-300x300.webp 300w, https:\/\/ringhaaling.ee\/wp-content\/uploads\/2024\/05\/Veebifailid_859_raadio_mark-150x150.webp 150w, https:\/\/ringhaaling.ee\/wp-content\/uploads\/2024\/05\/Veebifailid_859_raadio_mark-768x768.webp 768w, https:\/\/ringhaaling.ee\/wp-content\/uploads\/2024\/05\/Veebifailid_859_raadio_mark-1536x1536.webp 1536w, https:\/\/ringhaaling.ee\/wp-content\/uploads\/2024\/05\/Veebifailid_859_raadio_mark-2048x2048.webp 2048w\" sizes=\"(max-width: 800px) 100vw, 800px\" \/>\t\t\t\t\t\t\t\t\t\t\t\t\t\t\t<\/div>\n\t\t\t\t<\/div>\n\t\t\t\t\t<\/div>\n\t\t<\/div>\n\t\t\t\t<div class=\"elementor-column elementor-col-66 elementor-top-column elementor-element elementor-element-9ce7788\" data-id=\"9ce7788\" data-element_type=\"column\" data-e-type=\"column\">\n\t\t\t<div class=\"elementor-widget-wrap elementor-element-populated\">\n\t\t\t\t\t\t<div class=\"elementor-element elementor-element-fc3904e elementor-widget elementor-widget-heading\" data-id=\"fc3904e\" data-element_type=\"widget\" data-e-type=\"widget\" data-widget_type=\"heading.default\">\n\t\t\t\t<div class=\"elementor-widget-container\">\n\t\t\t\t\t<h2 class=\"elementor-heading-title elementor-size-default\">First radio broadcast from Haapsalu<\/h2>\t\t\t\t<\/div>\n\t\t\t\t<\/div>\n\t\t\t\t<div class=\"elementor-element elementor-element-d306a50 elementor-widget elementor-widget-text-editor\" data-id=\"d306a50\" data-element_type=\"widget\" data-e-type=\"widget\" data-widget_type=\"text-editor.default\">\n\t\t\t\t<div class=\"elementor-widget-container\">\n\t\t\t\t\t\t\t\t\t<div class=\"article-body__item article-body__item--htmlElement\">\n<p>On 11 May 1924, at 9.35 a.m., the first public radio test broadcast in Estonia \u2013 a concert of the mixed choir of L\u00e4\u00e4nemaa Secondary School \u2013 aired from the transmitter of the Haapsalu postal office and long-wave telegraph station. The crew of the test broadcast included: E. Laurmann, G. Liidemann, E. Vidrikson, J. Velling, G. Punn. The broadcast was made using the transmitter of the Haapsalu postal telegraph station with a wavelength of 2,500 metres. The mast antenna of the transmitter was a 90-metre-tall guyed mast of steel construction which stood on support insulators. The broadcast was also heard in Tallinn, V\u00e4ndra, and P\u00e4rnu.<\/p>\n<p>Listen to Paul Sammet&#8217;s memories of the first radio show in Haapsalu and his performance with the school choir: <a href=\"https:\/\/arhiiv.err.ee\/audio\/vaata\/mis-tehtud-mis-teoksil-mis-tehtud-mis-teoksil-50-aastat-raadiosaadete-algusest-eestis\">https:\/\/arhiiv.err.ee\/audio\/vaata\/mis-tehtud-mis-teoksil-mis-tehtud-mis-teoksil-50-aastat-raadiosaadete-algusest-eestis<\/a><\/p>\n<p>On 1\u00a0November\u00a01924, Raadio Ringh\u00e4\u00e4ling was founded as a private company. Regular radio broadcasting started two years later, in 1926.<\/p>\n<\/div>\n\t\t\t\t\t\t\t\t<\/div>\n\t\t\t\t<\/div>\n\t\t\t\t\t<\/div>\n\t\t<\/div>\n\t\t\t\t\t<\/div>\n\t\t<\/section>\n\t\t\t\t<section class=\"elementor-section elementor-top-section elementor-element elementor-element-9c8517c elementor-section-boxed elementor-section-height-default elementor-section-height-default\" data-id=\"9c8517c\" data-element_type=\"section\" data-e-type=\"section\" data-settings=\"{&quot;background_background&quot;:&quot;classic&quot;}\">\n\t\t\t\t\t\t<div class=\"elementor-container elementor-column-gap-no\">\n\t\t\t\t\t<div class=\"elementor-column elementor-col-100 elementor-top-column elementor-element elementor-element-fbbdb5c\" data-id=\"fbbdb5c\" data-element_type=\"column\" data-e-type=\"column\">\n\t\t\t<div class=\"elementor-widget-wrap elementor-element-populated\">\n\t\t\t\t\t\t<div class=\"elementor-element elementor-element-9eafa84 elementor-widget-divider--view-line elementor-widget elementor-widget-divider\" data-id=\"9eafa84\" data-element_type=\"widget\" data-e-type=\"widget\" data-widget_type=\"divider.default\">\n\t\t\t\t<div class=\"elementor-widget-container\">\n\t\t\t\t\t\t\t<div class=\"elementor-divider\">\n\t\t\t<span class=\"elementor-divider-separator\">\n\t\t\t\t\t\t<\/span>\n\t\t<\/div>\n\t\t\t\t\t\t<\/div>\n\t\t\t\t<\/div>\n\t\t\t\t<div class=\"elementor-element elementor-element-ea98124 elementor-widget elementor-widget-image\" data-id=\"ea98124\" data-element_type=\"widget\" data-e-type=\"widget\" data-widget_type=\"image.default\">\n\t\t\t\t<div class=\"elementor-widget-container\">\n\t\t\t\t\t\t\t\t\t\t\t\t\t\t\t<img decoding=\"async\" width=\"584\" height=\"418\" src=\"https:\/\/ringhaaling.ee\/wp-content\/uploads\/2024\/05\/Picture-1.png\" class=\"attachment-large size-large wp-image-1742\" alt=\"\" srcset=\"https:\/\/ringhaaling.ee\/wp-content\/uploads\/2024\/05\/Picture-1.png 584w, https:\/\/ringhaaling.ee\/wp-content\/uploads\/2024\/05\/Picture-1-300x215.png 300w\" sizes=\"(max-width: 584px) 100vw, 584px\" \/>\t\t\t\t\t\t\t\t\t\t\t\t\t\t\t<\/div>\n\t\t\t\t<\/div>\n\t\t\t\t<div class=\"elementor-element elementor-element-3103b4a elementor-widget elementor-widget-text-editor\" data-id=\"3103b4a\" data-element_type=\"widget\" data-e-type=\"widget\" data-widget_type=\"text-editor.default\">\n\t\t\t\t<div class=\"elementor-widget-container\">\n\t\t\t\t\t\t\t\t\t<div class=\"article-body__item article-body__item--htmlElement\">\n<p>On May 10, 2024, a was issued a stamp to celebrate the event with a denomination of \u20ac4.20, featuring a QR code on the coupon, which is a first time in Estonian postage stamp history.<\/p>\n<\/div>\n\t\t\t\t\t\t\t\t<\/div>\n\t\t\t\t<\/div>\n\t\t\t\t<div class=\"elementor-element elementor-element-ba8118b elementor-widget elementor-widget-text-editor\" data-id=\"ba8118b\" data-element_type=\"widget\" data-e-type=\"widget\" data-widget_type=\"text-editor.default\">\n\t\t\t\t<div class=\"elementor-widget-container\">\n\t\t\t\t\t\t\t\t\t<div class=\"article-body__item article-body__item--htmlElement\">\n<p>The artist Triin Heimann, who designed the postage stamp, has said: &#8220;I only recently learned that the first radio masts were built in Haapsalu. I am myself from Haapsalu and was delighted to contribute to introducing this topic. When designing the postage stamp, I was inspired by the radio masts built in Haapsalu in the 1920s. Looking at old photos, I tried to graphically depict the architecture of the masts and added a flowing stream of radio waves oscillating up and down.<\/p>\n<p>Designing the stamp was exciting because the complete solution consisted of two parts &#8211; on one side was the main design and denomination, and on the other side was a QR code that leads to the broadcasting page, where you can find more interesting information about the topic. My task was to design two stamps into a unified whole, and this succeeded precisely because of the oscillating radio waves.<\/p>\n<\/div>\n\t\t\t\t\t\t\t\t<\/div>\n\t\t\t\t<\/div>\n\t\t\t\t\t<\/div>\n\t\t<\/div>\n\t\t\t\t\t<\/div>\n\t\t<\/section>\n\t\t\t\t<\/div>\n\t\t","protected":false},"excerpt":{"rendered":"<p>First radio broadcast from Haapsalu On 11 May 1924, at 9.35 a.m., the first public radio test broadcast in Estonia \u2013 a concert of the mixed choir of L\u00e4\u00e4nemaa Secondary School \u2013 aired from the transmitter of the Haapsalu postal office and long-wave telegraph station. The crew of the test broadcast included: E. Laurmann, G. [&hellip;]<\/p>\n","protected":false},"author":1,"featured_media":0,"parent":0,"menu_order":0,"comment_status":"closed","ping_status":"closed","template":"elementor_header_footer","meta":{"footnotes":""},"class_list":["post-1732","page","type-page","status-publish","hentry"],"yoast_head":"<!-- This site is optimized with the Yoast SEO plugin v27.4 - https:\/\/yoast.com\/product\/yoast-seo-wordpress\/ -->\n<title>First radio broadcast from Haapsalu | Eesti Ringh&auml;&auml;lingute Liit<\/title>\n<meta name=\"description\" content=\"Eesti Ringh\u00e4\u00e4lingute Liit (ERL) on valitsusv\u00e4line mittetulundus\u00fching, mis edendab rahvuslikku ringh\u00e4\u00e4lingukultuuri ning esindab raadio- ja televisiooniorganisatsioonide huve. ERL tunnustab rahvuslikke ringh\u00e4\u00e4lingukultuuri edendajaid iga-aastase kuldmikrofoni v\u00e4ljaandmisega.\" \/>\n<meta name=\"robots\" content=\"index, follow, max-snippet:-1, max-image-preview:large, max-video-preview:-1\" \/>\n<link rel=\"canonical\" href=\"https:\/\/ringhaaling.ee\/esimene-raadiosaade-haapsalust\/\" \/>\n<meta property=\"og:locale\" content=\"en_US\" \/>\n<meta property=\"og:type\" content=\"article\" \/>\n<meta property=\"og:title\" content=\"First radio broadcast from Haapsalu | Eesti Ringh&auml;&auml;lingute Liit\" \/>\n<meta property=\"og:description\" content=\"Eesti Ringh\u00e4\u00e4lingute Liit (ERL) on valitsusv\u00e4line mittetulundus\u00fching, mis edendab rahvuslikku ringh\u00e4\u00e4lingukultuuri ning esindab raadio- ja televisiooniorganisatsioonide huve. ERL tunnustab rahvuslikke ringh\u00e4\u00e4lingukultuuri edendajaid iga-aastase kuldmikrofoni v\u00e4ljaandmisega.\" \/>\n<meta property=\"og:url\" content=\"https:\/\/ringhaaling.ee\/esimene-raadiosaade-haapsalust\/\" \/>\n<meta property=\"og:site_name\" content=\"Eesti Ringh&auml;&auml;lingute Liit\" \/>\n<meta property=\"article:modified_time\" content=\"2024-05-09T15:04:44+00:00\" \/>\n<meta property=\"og:image\" content=\"https:\/\/ringhaaling.ee\/wp-content\/uploads\/2024\/05\/Veebifailid_859_raadio_mark-1024x1024.webp\" \/>\n<meta name=\"twitter:card\" content=\"summary_large_image\" \/>\n<meta name=\"twitter:label1\" content=\"Est. reading time\" \/>\n\t<meta name=\"twitter:data1\" content=\"2 minutes\" \/>\n<script type=\"application\/ld+json\" class=\"yoast-schema-graph\">{\"@context\":\"https:\\\/\\\/schema.org\",\"@graph\":[{\"@type\":\"WebPage\",\"@id\":\"https:\\\/\\\/ringhaaling.ee\\\/esimene-raadiosaade-haapsalust\\\/\",\"url\":\"https:\\\/\\\/ringhaaling.ee\\\/esimene-raadiosaade-haapsalust\\\/\",\"name\":\"First radio broadcast from Haapsalu | Eesti Ringh&auml;&auml;lingute Liit\",\"isPartOf\":{\"@id\":\"https:\\\/\\\/ringhaaling.ee\\\/#website\"},\"primaryImageOfPage\":{\"@id\":\"https:\\\/\\\/ringhaaling.ee\\\/esimene-raadiosaade-haapsalust\\\/#primaryimage\"},\"image\":{\"@id\":\"https:\\\/\\\/ringhaaling.ee\\\/esimene-raadiosaade-haapsalust\\\/#primaryimage\"},\"thumbnailUrl\":\"https:\\\/\\\/ringhaaling.ee\\\/wp-content\\\/uploads\\\/2024\\\/05\\\/Veebifailid_859_raadio_mark-1024x1024.webp\",\"datePublished\":\"2024-04-16T14:08:51+00:00\",\"dateModified\":\"2024-05-09T15:04:44+00:00\",\"description\":\"Eesti Ringh\u00e4\u00e4lingute Liit (ERL) on valitsusv\u00e4line mittetulundus\u00fching, mis edendab rahvuslikku ringh\u00e4\u00e4lingukultuuri ning esindab raadio- ja televisiooniorganisatsioonide huve. ERL tunnustab rahvuslikke ringh\u00e4\u00e4lingukultuuri edendajaid iga-aastase kuldmikrofoni v\u00e4ljaandmisega.\",\"breadcrumb\":{\"@id\":\"https:\\\/\\\/ringhaaling.ee\\\/esimene-raadiosaade-haapsalust\\\/#breadcrumb\"},\"inLanguage\":\"en-US\",\"potentialAction\":[{\"@type\":\"ReadAction\",\"target\":[\"https:\\\/\\\/ringhaaling.ee\\\/esimene-raadiosaade-haapsalust\\\/\"]}]},{\"@type\":\"ImageObject\",\"inLanguage\":\"en-US\",\"@id\":\"https:\\\/\\\/ringhaaling.ee\\\/esimene-raadiosaade-haapsalust\\\/#primaryimage\",\"url\":\"https:\\\/\\\/ringhaaling.ee\\\/wp-content\\\/uploads\\\/2024\\\/05\\\/Veebifailid_859_raadio_mark-1024x1024.webp\",\"contentUrl\":\"https:\\\/\\\/ringhaaling.ee\\\/wp-content\\\/uploads\\\/2024\\\/05\\\/Veebifailid_859_raadio_mark-1024x1024.webp\"},{\"@type\":\"BreadcrumbList\",\"@id\":\"https:\\\/\\\/ringhaaling.ee\\\/esimene-raadiosaade-haapsalust\\\/#breadcrumb\",\"itemListElement\":[{\"@type\":\"ListItem\",\"position\":1,\"name\":\"Home\",\"item\":\"https:\\\/\\\/ringhaaling.ee\\\/\"},{\"@type\":\"ListItem\",\"position\":2,\"name\":\"First radio broadcast from Haapsalu\"}]},{\"@type\":\"WebSite\",\"@id\":\"https:\\\/\\\/ringhaaling.ee\\\/#website\",\"url\":\"https:\\\/\\\/ringhaaling.ee\\\/\",\"name\":\"Eesti Ringh&auml;&auml;lingute Liit\",\"description\":\"Rahvuslikku ringh&auml;&auml;lingukultuuri edendaja\",\"publisher\":{\"@id\":\"https:\\\/\\\/ringhaaling.ee\\\/#organization\"},\"potentialAction\":[{\"@type\":\"SearchAction\",\"target\":{\"@type\":\"EntryPoint\",\"urlTemplate\":\"https:\\\/\\\/ringhaaling.ee\\\/?s={search_term_string}\"},\"query-input\":{\"@type\":\"PropertyValueSpecification\",\"valueRequired\":true,\"valueName\":\"search_term_string\"}}],\"inLanguage\":\"en-US\"},{\"@type\":\"Organization\",\"@id\":\"https:\\\/\\\/ringhaaling.ee\\\/#organization\",\"name\":\"Eesti Ringh&auml;&auml;lingute Liit\",\"url\":\"https:\\\/\\\/ringhaaling.ee\\\/\",\"logo\":{\"@type\":\"ImageObject\",\"inLanguage\":\"en-US\",\"@id\":\"https:\\\/\\\/ringhaaling.ee\\\/#\\\/schema\\\/logo\\\/image\\\/\",\"url\":\"https:\\\/\\\/ringhaaling.ee\\\/wp-content\\\/uploads\\\/2022\\\/07\\\/ERL_Valge.svg\",\"contentUrl\":\"https:\\\/\\\/ringhaaling.ee\\\/wp-content\\\/uploads\\\/2022\\\/07\\\/ERL_Valge.svg\",\"width\":769,\"height\":238,\"caption\":\"Eesti Ringh&auml;&auml;lingute Liit\"},\"image\":{\"@id\":\"https:\\\/\\\/ringhaaling.ee\\\/#\\\/schema\\\/logo\\\/image\\\/\"}}]}<\/script>\n<!-- \/ Yoast SEO plugin. -->","yoast_head_json":{"title":"First radio broadcast from Haapsalu | Eesti Ringh&auml;&auml;lingute Liit","description":"Eesti Ringh\u00e4\u00e4lingute Liit (ERL) on valitsusv\u00e4line mittetulundus\u00fching, mis edendab rahvuslikku ringh\u00e4\u00e4lingukultuuri ning esindab raadio- ja televisiooniorganisatsioonide huve. ERL tunnustab rahvuslikke ringh\u00e4\u00e4lingukultuuri edendajaid iga-aastase kuldmikrofoni v\u00e4ljaandmisega.","robots":{"index":"index","follow":"follow","max-snippet":"max-snippet:-1","max-image-preview":"max-image-preview:large","max-video-preview":"max-video-preview:-1"},"canonical":"https:\/\/ringhaaling.ee\/esimene-raadiosaade-haapsalust\/","og_locale":"en_US","og_type":"article","og_title":"First radio broadcast from Haapsalu | Eesti Ringh&auml;&auml;lingute Liit","og_description":"Eesti Ringh\u00e4\u00e4lingute Liit (ERL) on valitsusv\u00e4line mittetulundus\u00fching, mis edendab rahvuslikku ringh\u00e4\u00e4lingukultuuri ning esindab raadio- ja televisiooniorganisatsioonide huve. ERL tunnustab rahvuslikke ringh\u00e4\u00e4lingukultuuri edendajaid iga-aastase kuldmikrofoni v\u00e4ljaandmisega.","og_url":"https:\/\/ringhaaling.ee\/esimene-raadiosaade-haapsalust\/","og_site_name":"Eesti Ringh&auml;&auml;lingute Liit","article_modified_time":"2024-05-09T15:04:44+00:00","og_image":[{"url":"https:\/\/ringhaaling.ee\/wp-content\/uploads\/2024\/05\/Veebifailid_859_raadio_mark-1024x1024.webp","type":"","width":"","height":""}],"twitter_card":"summary_large_image","twitter_misc":{"Est. reading time":"2 minutes"},"schema":{"@context":"https:\/\/schema.org","@graph":[{"@type":"WebPage","@id":"https:\/\/ringhaaling.ee\/esimene-raadiosaade-haapsalust\/","url":"https:\/\/ringhaaling.ee\/esimene-raadiosaade-haapsalust\/","name":"First radio broadcast from Haapsalu | Eesti Ringh&auml;&auml;lingute Liit","isPartOf":{"@id":"https:\/\/ringhaaling.ee\/#website"},"primaryImageOfPage":{"@id":"https:\/\/ringhaaling.ee\/esimene-raadiosaade-haapsalust\/#primaryimage"},"image":{"@id":"https:\/\/ringhaaling.ee\/esimene-raadiosaade-haapsalust\/#primaryimage"},"thumbnailUrl":"https:\/\/ringhaaling.ee\/wp-content\/uploads\/2024\/05\/Veebifailid_859_raadio_mark-1024x1024.webp","datePublished":"2024-04-16T14:08:51+00:00","dateModified":"2024-05-09T15:04:44+00:00","description":"Eesti Ringh\u00e4\u00e4lingute Liit (ERL) on valitsusv\u00e4line mittetulundus\u00fching, mis edendab rahvuslikku ringh\u00e4\u00e4lingukultuuri ning esindab raadio- ja televisiooniorganisatsioonide huve. ERL tunnustab rahvuslikke ringh\u00e4\u00e4lingukultuuri edendajaid iga-aastase kuldmikrofoni v\u00e4ljaandmisega.","breadcrumb":{"@id":"https:\/\/ringhaaling.ee\/esimene-raadiosaade-haapsalust\/#breadcrumb"},"inLanguage":"en-US","potentialAction":[{"@type":"ReadAction","target":["https:\/\/ringhaaling.ee\/esimene-raadiosaade-haapsalust\/"]}]},{"@type":"ImageObject","inLanguage":"en-US","@id":"https:\/\/ringhaaling.ee\/esimene-raadiosaade-haapsalust\/#primaryimage","url":"https:\/\/ringhaaling.ee\/wp-content\/uploads\/2024\/05\/Veebifailid_859_raadio_mark-1024x1024.webp","contentUrl":"https:\/\/ringhaaling.ee\/wp-content\/uploads\/2024\/05\/Veebifailid_859_raadio_mark-1024x1024.webp"},{"@type":"BreadcrumbList","@id":"https:\/\/ringhaaling.ee\/esimene-raadiosaade-haapsalust\/#breadcrumb","itemListElement":[{"@type":"ListItem","position":1,"name":"Home","item":"https:\/\/ringhaaling.ee\/"},{"@type":"ListItem","position":2,"name":"First radio broadcast from Haapsalu"}]},{"@type":"WebSite","@id":"https:\/\/ringhaaling.ee\/#website","url":"https:\/\/ringhaaling.ee\/","name":"Eesti Ringh&auml;&auml;lingute Liit","description":"Rahvuslikku ringh&auml;&auml;lingukultuuri edendaja","publisher":{"@id":"https:\/\/ringhaaling.ee\/#organization"},"potentialAction":[{"@type":"SearchAction","target":{"@type":"EntryPoint","urlTemplate":"https:\/\/ringhaaling.ee\/?s={search_term_string}"},"query-input":{"@type":"PropertyValueSpecification","valueRequired":true,"valueName":"search_term_string"}}],"inLanguage":"en-US"},{"@type":"Organization","@id":"https:\/\/ringhaaling.ee\/#organization","name":"Eesti Ringh&auml;&auml;lingute Liit","url":"https:\/\/ringhaaling.ee\/","logo":{"@type":"ImageObject","inLanguage":"en-US","@id":"https:\/\/ringhaaling.ee\/#\/schema\/logo\/image\/","url":"https:\/\/ringhaaling.ee\/wp-content\/uploads\/2022\/07\/ERL_Valge.svg","contentUrl":"https:\/\/ringhaaling.ee\/wp-content\/uploads\/2022\/07\/ERL_Valge.svg","width":769,"height":238,"caption":"Eesti Ringh&auml;&auml;lingute Liit"},"image":{"@id":"https:\/\/ringhaaling.ee\/#\/schema\/logo\/image\/"}}]}},"_links":{"self":[{"href":"https:\/\/ringhaaling.ee\/en\/wp-json\/wp\/v2\/pages\/1732","targetHints":{"allow":["GET"]}}],"collection":[{"href":"https:\/\/ringhaaling.ee\/en\/wp-json\/wp\/v2\/pages"}],"about":[{"href":"https:\/\/ringhaaling.ee\/en\/wp-json\/wp\/v2\/types\/page"}],"author":[{"embeddable":true,"href":"https:\/\/ringhaaling.ee\/en\/wp-json\/wp\/v2\/users\/1"}],"replies":[{"embeddable":true,"href":"https:\/\/ringhaaling.ee\/en\/wp-json\/wp\/v2\/comments?post=1732"}],"version-history":[{"count":4,"href":"https:\/\/ringhaaling.ee\/en\/wp-json\/wp\/v2\/pages\/1732\/revisions"}],"predecessor-version":[{"id":1770,"href":"https:\/\/ringhaaling.ee\/en\/wp-json\/wp\/v2\/pages\/1732\/revisions\/1770"}],"wp:attachment":[{"href":"https:\/\/ringhaaling.ee\/en\/wp-json\/wp\/v2\/media?parent=1732"}],"curies":[{"name":"wp","href":"https:\/\/api.w.org\/{rel}","templated":true}]}}