{"id":1580,"date":"2023-11-15T22:31:20","date_gmt":"2023-11-15T19:31:20","guid":{"rendered":"https:\/\/ringhaaling.ee\/code-of-conduct\/"},"modified":"2023-11-15T22:48:11","modified_gmt":"2023-11-15T19:48:11","slug":"code-of-conduct","status":"publish","type":"page","link":"https:\/\/ringhaaling.ee\/en\/code-of-conduct\/","title":{"rendered":"CODE OF CONDUCT"},"content":{"rendered":"\t\t<div data-elementor-type=\"wp-page\" data-elementor-id=\"1580\" class=\"elementor elementor-1580 elementor-1564\" data-elementor-post-type=\"page\">\n\t\t\t\t\t\t<section class=\"elementor-section elementor-top-section elementor-element elementor-element-b6b26ae elementor-section-boxed elementor-section-height-default elementor-section-height-default\" data-id=\"b6b26ae\" data-element_type=\"section\" data-e-type=\"section\">\n\t\t\t\t\t\t<div class=\"elementor-container elementor-column-gap-default\">\n\t\t\t\t\t<div class=\"elementor-column elementor-col-100 elementor-top-column elementor-element elementor-element-509ffb1\" data-id=\"509ffb1\" data-element_type=\"column\" data-e-type=\"column\">\n\t\t\t<div class=\"elementor-widget-wrap elementor-element-populated\">\n\t\t\t\t\t\t<div class=\"elementor-element elementor-element-1078818 elementor-widget elementor-widget-text-editor\" data-id=\"1078818\" data-element_type=\"widget\" data-e-type=\"widget\" data-widget_type=\"text-editor.default\">\n\t\t\t\t<div class=\"elementor-widget-container\">\n\t\t\t\t\t\t\t\t\t<p><strong>CODE OF CONDUCT<\/strong><\/p><p><strong>Protection of minors and ensuring morality and legality upon provision of media services<\/strong><\/p><p>Media Services Act (MeeTS) \u00a7 19 regulate, how the media service provider must warn the viewer about the potentially inappropriate content for minors. MeeTS \u00a7 22 stipulates that persons involved in the pursuit of the media service and video-sharing activity may create on their own initiative a system the parties to which define voluntarily common recommendations and rules, establishing content requirements as a code of conduct with the purpose of regulating the activities in the area and identify good and bad practice.<\/p><p>This Code of Conduct regulates the rules of the warnings shown on the TV channels of Association of Estonian Broadcasters (ERL) to ensure compliance with the MeeTS regulations.<\/p><p>ERL uses two types of warnings on their programs:<\/p><p><strong>1) 18+<\/strong><\/p><p>The program is not suitable for minors as the program contains:<\/p><ul><li>Violence: program contains hard violence, blood and torture.<\/li><li>Fear: horror movies and other programs causing fear and fright.<\/li><li>Sex: program contains sex scenes.<\/li><li>Language use: program contains blatant swearing and profanity.<\/li><li>Alcohol, drugs: program contains excessive use of alcohol and drugs.<\/li><\/ul><p>Warning before the program and throughout the screen:<\/p><p>\u00a0<\/p><ol><li>Warning before the program in both picture and sound: \u201cFollowing program\/movie is not suitable for minors.\u201d<\/li><li>Watermark throughout the screen: 18+<\/li><\/ol><p>\u00a0<\/p><p><strong>2) 12+<\/strong><\/p><p>The program is not suitable for small children and age group 12-17 is recommended to watch the program with an adult.<\/p><ul><li>Violence: program contains fighting or other types of violence, which does not result in blood and injuries.<\/li><li>Fear: program contains smaller injuries and frightener people in dangerous situations.<\/li><li>Sex: use of language has sexual undertone, program displays naked people and movements indicating sex.<\/li><li>Use of language: program contains mild profanities.<\/li><li>Alcohol, drugs, tobacco: moderate use of alcohol, tobacco and drugs.<\/li><\/ul><p>\u00a0<\/p><ol><li>Warning before the program and throughout the screen: \u201cThe content of the following program may require parental guidance.\u201d<\/li><\/ol><p>\u00a0<\/p><ol><li>Watermark throughout the screen: 12+<\/li><\/ol><p>\u00a0<\/p><p>\u00a0<\/p>\t\t\t\t\t\t\t\t<\/div>\n\t\t\t\t<\/div>\n\t\t\t\t\t<\/div>\n\t\t<\/div>\n\t\t\t\t\t<\/div>\n\t\t<\/section>\n\t\t\t\t<\/div>\n\t\t","protected":false},"excerpt":{"rendered":"<p>CODE OF CONDUCT Protection of minors and ensuring morality and legality upon provision of media services Media Services Act (MeeTS) \u00a7 19 regulate, how the media service provider must warn the viewer about the potentially inappropriate content for minors. MeeTS \u00a7 22 stipulates that persons involved in the pursuit of the media service and video-sharing [&hellip;]<\/p>\n","protected":false},"author":3,"featured_media":0,"parent":0,"menu_order":0,"comment_status":"closed","ping_status":"closed","template":"","meta":{"footnotes":""},"class_list":["post-1580","page","type-page","status-publish","hentry"],"yoast_head":"<!-- This site is optimized with the Yoast SEO plugin v27.4 - https:\/\/yoast.com\/product\/yoast-seo-wordpress\/ -->\n<title>CODE OF CONDUCT | Eesti Ringh&auml;&auml;lingute Liit<\/title>\n<meta name=\"description\" content=\"Eesti Ringh\u00e4\u00e4lingute Liit (ERL) on valitsusv\u00e4line mittetulundus\u00fching, mis edendab rahvuslikku ringh\u00e4\u00e4lingukultuuri ning esindab raadio- ja televisiooniorganisatsioonide huve. ERL tunnustab rahvuslikke ringh\u00e4\u00e4lingukultuuri edendajaid iga-aastase kuldmikrofoni v\u00e4ljaandmisega.\" \/>\n<meta name=\"robots\" content=\"index, follow, max-snippet:-1, max-image-preview:large, max-video-preview:-1\" \/>\n<link rel=\"canonical\" href=\"https:\/\/ringhaaling.ee\/en\/code-of-conduct\/\" \/>\n<meta property=\"og:locale\" content=\"en_US\" \/>\n<meta property=\"og:type\" content=\"article\" \/>\n<meta property=\"og:title\" content=\"CODE OF CONDUCT | Eesti Ringh&auml;&auml;lingute Liit\" \/>\n<meta property=\"og:description\" content=\"Eesti Ringh\u00e4\u00e4lingute Liit (ERL) on valitsusv\u00e4line mittetulundus\u00fching, mis edendab rahvuslikku ringh\u00e4\u00e4lingukultuuri ning esindab raadio- ja televisiooniorganisatsioonide huve. ERL tunnustab rahvuslikke ringh\u00e4\u00e4lingukultuuri edendajaid iga-aastase kuldmikrofoni v\u00e4ljaandmisega.\" \/>\n<meta property=\"og:url\" content=\"https:\/\/ringhaaling.ee\/en\/code-of-conduct\/\" \/>\n<meta property=\"og:site_name\" content=\"Eesti Ringh&auml;&auml;lingute Liit\" \/>\n<meta property=\"article:modified_time\" content=\"2023-11-15T19:48:11+00:00\" \/>\n<meta name=\"twitter:card\" content=\"summary_large_image\" \/>\n<meta name=\"twitter:label1\" content=\"Est. reading time\" \/>\n\t<meta name=\"twitter:data1\" content=\"2 minutes\" \/>\n<script type=\"application\/ld+json\" class=\"yoast-schema-graph\">{\"@context\":\"https:\\\/\\\/schema.org\",\"@graph\":[{\"@type\":\"WebPage\",\"@id\":\"https:\\\/\\\/ringhaaling.ee\\\/en\\\/code-of-conduct\\\/\",\"url\":\"https:\\\/\\\/ringhaaling.ee\\\/en\\\/code-of-conduct\\\/\",\"name\":\"CODE OF CONDUCT | Eesti Ringh&auml;&auml;lingute Liit\",\"isPartOf\":{\"@id\":\"https:\\\/\\\/ringhaaling.ee\\\/#website\"},\"datePublished\":\"2023-11-15T19:31:20+00:00\",\"dateModified\":\"2023-11-15T19:48:11+00:00\",\"description\":\"Eesti Ringh\u00e4\u00e4lingute Liit (ERL) on valitsusv\u00e4line mittetulundus\u00fching, mis edendab rahvuslikku ringh\u00e4\u00e4lingukultuuri ning esindab raadio- ja televisiooniorganisatsioonide huve. ERL tunnustab rahvuslikke ringh\u00e4\u00e4lingukultuuri edendajaid iga-aastase kuldmikrofoni v\u00e4ljaandmisega.\",\"breadcrumb\":{\"@id\":\"https:\\\/\\\/ringhaaling.ee\\\/en\\\/code-of-conduct\\\/#breadcrumb\"},\"inLanguage\":\"en-US\",\"potentialAction\":[{\"@type\":\"ReadAction\",\"target\":[\"https:\\\/\\\/ringhaaling.ee\\\/en\\\/code-of-conduct\\\/\"]}]},{\"@type\":\"BreadcrumbList\",\"@id\":\"https:\\\/\\\/ringhaaling.ee\\\/en\\\/code-of-conduct\\\/#breadcrumb\",\"itemListElement\":[{\"@type\":\"ListItem\",\"position\":1,\"name\":\"Home\",\"item\":\"https:\\\/\\\/ringhaaling.ee\\\/\"},{\"@type\":\"ListItem\",\"position\":2,\"name\":\"CODE OF CONDUCT\"}]},{\"@type\":\"WebSite\",\"@id\":\"https:\\\/\\\/ringhaaling.ee\\\/#website\",\"url\":\"https:\\\/\\\/ringhaaling.ee\\\/\",\"name\":\"Eesti Ringh&auml;&auml;lingute Liit\",\"description\":\"Rahvuslikku ringh&auml;&auml;lingukultuuri edendaja\",\"publisher\":{\"@id\":\"https:\\\/\\\/ringhaaling.ee\\\/#organization\"},\"potentialAction\":[{\"@type\":\"SearchAction\",\"target\":{\"@type\":\"EntryPoint\",\"urlTemplate\":\"https:\\\/\\\/ringhaaling.ee\\\/?s={search_term_string}\"},\"query-input\":{\"@type\":\"PropertyValueSpecification\",\"valueRequired\":true,\"valueName\":\"search_term_string\"}}],\"inLanguage\":\"en-US\"},{\"@type\":\"Organization\",\"@id\":\"https:\\\/\\\/ringhaaling.ee\\\/#organization\",\"name\":\"Eesti Ringh&auml;&auml;lingute Liit\",\"url\":\"https:\\\/\\\/ringhaaling.ee\\\/\",\"logo\":{\"@type\":\"ImageObject\",\"inLanguage\":\"en-US\",\"@id\":\"https:\\\/\\\/ringhaaling.ee\\\/#\\\/schema\\\/logo\\\/image\\\/\",\"url\":\"https:\\\/\\\/ringhaaling.ee\\\/wp-content\\\/uploads\\\/2022\\\/07\\\/ERL_Valge.svg\",\"contentUrl\":\"https:\\\/\\\/ringhaaling.ee\\\/wp-content\\\/uploads\\\/2022\\\/07\\\/ERL_Valge.svg\",\"width\":769,\"height\":238,\"caption\":\"Eesti Ringh&auml;&auml;lingute Liit\"},\"image\":{\"@id\":\"https:\\\/\\\/ringhaaling.ee\\\/#\\\/schema\\\/logo\\\/image\\\/\"}}]}<\/script>\n<!-- \/ Yoast SEO plugin. -->","yoast_head_json":{"title":"CODE OF CONDUCT | Eesti Ringh&auml;&auml;lingute Liit","description":"Eesti Ringh\u00e4\u00e4lingute Liit (ERL) on valitsusv\u00e4line mittetulundus\u00fching, mis edendab rahvuslikku ringh\u00e4\u00e4lingukultuuri ning esindab raadio- ja televisiooniorganisatsioonide huve. ERL tunnustab rahvuslikke ringh\u00e4\u00e4lingukultuuri edendajaid iga-aastase kuldmikrofoni v\u00e4ljaandmisega.","robots":{"index":"index","follow":"follow","max-snippet":"max-snippet:-1","max-image-preview":"max-image-preview:large","max-video-preview":"max-video-preview:-1"},"canonical":"https:\/\/ringhaaling.ee\/en\/code-of-conduct\/","og_locale":"en_US","og_type":"article","og_title":"CODE OF CONDUCT | Eesti Ringh&auml;&auml;lingute Liit","og_description":"Eesti Ringh\u00e4\u00e4lingute Liit (ERL) on valitsusv\u00e4line mittetulundus\u00fching, mis edendab rahvuslikku ringh\u00e4\u00e4lingukultuuri ning esindab raadio- ja televisiooniorganisatsioonide huve. ERL tunnustab rahvuslikke ringh\u00e4\u00e4lingukultuuri edendajaid iga-aastase kuldmikrofoni v\u00e4ljaandmisega.","og_url":"https:\/\/ringhaaling.ee\/en\/code-of-conduct\/","og_site_name":"Eesti Ringh&auml;&auml;lingute Liit","article_modified_time":"2023-11-15T19:48:11+00:00","twitter_card":"summary_large_image","twitter_misc":{"Est. reading time":"2 minutes"},"schema":{"@context":"https:\/\/schema.org","@graph":[{"@type":"WebPage","@id":"https:\/\/ringhaaling.ee\/en\/code-of-conduct\/","url":"https:\/\/ringhaaling.ee\/en\/code-of-conduct\/","name":"CODE OF CONDUCT | Eesti Ringh&auml;&auml;lingute Liit","isPartOf":{"@id":"https:\/\/ringhaaling.ee\/#website"},"datePublished":"2023-11-15T19:31:20+00:00","dateModified":"2023-11-15T19:48:11+00:00","description":"Eesti Ringh\u00e4\u00e4lingute Liit (ERL) on valitsusv\u00e4line mittetulundus\u00fching, mis edendab rahvuslikku ringh\u00e4\u00e4lingukultuuri ning esindab raadio- ja televisiooniorganisatsioonide huve. ERL tunnustab rahvuslikke ringh\u00e4\u00e4lingukultuuri edendajaid iga-aastase kuldmikrofoni v\u00e4ljaandmisega.","breadcrumb":{"@id":"https:\/\/ringhaaling.ee\/en\/code-of-conduct\/#breadcrumb"},"inLanguage":"en-US","potentialAction":[{"@type":"ReadAction","target":["https:\/\/ringhaaling.ee\/en\/code-of-conduct\/"]}]},{"@type":"BreadcrumbList","@id":"https:\/\/ringhaaling.ee\/en\/code-of-conduct\/#breadcrumb","itemListElement":[{"@type":"ListItem","position":1,"name":"Home","item":"https:\/\/ringhaaling.ee\/"},{"@type":"ListItem","position":2,"name":"CODE OF CONDUCT"}]},{"@type":"WebSite","@id":"https:\/\/ringhaaling.ee\/#website","url":"https:\/\/ringhaaling.ee\/","name":"Eesti Ringh&auml;&auml;lingute Liit","description":"Rahvuslikku ringh&auml;&auml;lingukultuuri edendaja","publisher":{"@id":"https:\/\/ringhaaling.ee\/#organization"},"potentialAction":[{"@type":"SearchAction","target":{"@type":"EntryPoint","urlTemplate":"https:\/\/ringhaaling.ee\/?s={search_term_string}"},"query-input":{"@type":"PropertyValueSpecification","valueRequired":true,"valueName":"search_term_string"}}],"inLanguage":"en-US"},{"@type":"Organization","@id":"https:\/\/ringhaaling.ee\/#organization","name":"Eesti Ringh&auml;&auml;lingute Liit","url":"https:\/\/ringhaaling.ee\/","logo":{"@type":"ImageObject","inLanguage":"en-US","@id":"https:\/\/ringhaaling.ee\/#\/schema\/logo\/image\/","url":"https:\/\/ringhaaling.ee\/wp-content\/uploads\/2022\/07\/ERL_Valge.svg","contentUrl":"https:\/\/ringhaaling.ee\/wp-content\/uploads\/2022\/07\/ERL_Valge.svg","width":769,"height":238,"caption":"Eesti Ringh&auml;&auml;lingute Liit"},"image":{"@id":"https:\/\/ringhaaling.ee\/#\/schema\/logo\/image\/"}}]}},"_links":{"self":[{"href":"https:\/\/ringhaaling.ee\/en\/wp-json\/wp\/v2\/pages\/1580","targetHints":{"allow":["GET"]}}],"collection":[{"href":"https:\/\/ringhaaling.ee\/en\/wp-json\/wp\/v2\/pages"}],"about":[{"href":"https:\/\/ringhaaling.ee\/en\/wp-json\/wp\/v2\/types\/page"}],"author":[{"embeddable":true,"href":"https:\/\/ringhaaling.ee\/en\/wp-json\/wp\/v2\/users\/3"}],"replies":[{"embeddable":true,"href":"https:\/\/ringhaaling.ee\/en\/wp-json\/wp\/v2\/comments?post=1580"}],"version-history":[{"count":7,"href":"https:\/\/ringhaaling.ee\/en\/wp-json\/wp\/v2\/pages\/1580\/revisions"}],"predecessor-version":[{"id":1594,"href":"https:\/\/ringhaaling.ee\/en\/wp-json\/wp\/v2\/pages\/1580\/revisions\/1594"}],"wp:attachment":[{"href":"https:\/\/ringhaaling.ee\/en\/wp-json\/wp\/v2\/media?parent=1580"}],"curies":[{"name":"wp","href":"https:\/\/api.w.org\/{rel}","templated":true}]}}