{"id":1350,"date":"2022-08-26T23:10:01","date_gmt":"2022-08-26T20:10:01","guid":{"rendered":"https:\/\/ringhaaling.ee\/museum\/"},"modified":"2022-11-07T16:42:46","modified_gmt":"2022-11-07T13:42:46","slug":"museum","status":"publish","type":"page","link":"https:\/\/ringhaaling.ee\/en\/museum\/","title":{"rendered":"Museum"},"content":{"rendered":"\t\t<div data-elementor-type=\"wp-page\" data-elementor-id=\"1350\" class=\"elementor elementor-1350 elementor-904\" data-elementor-post-type=\"page\">\n\t\t\t\t\t\t<section class=\"elementor-section elementor-top-section elementor-element elementor-element-bd054f1 elementor-section-boxed elementor-section-height-default elementor-section-height-default\" data-id=\"bd054f1\" data-element_type=\"section\" data-e-type=\"section\">\n\t\t\t\t\t\t<div class=\"elementor-container elementor-column-gap-default\">\n\t\t\t\t\t<div class=\"elementor-column elementor-col-100 elementor-top-column elementor-element elementor-element-f006307\" data-id=\"f006307\" data-element_type=\"column\" data-e-type=\"column\">\n\t\t\t<div class=\"elementor-widget-wrap elementor-element-populated\">\n\t\t\t\t\t\t<div class=\"elementor-element elementor-element-640f7fd elementor-widget elementor-widget-heading\" data-id=\"640f7fd\" data-element_type=\"widget\" data-e-type=\"widget\" data-widget_type=\"heading.default\">\n\t\t\t\t<div class=\"elementor-widget-container\">\n\t\t\t\t\t<h2 class=\"elementor-heading-title elementor-size-default\">Museum<\/h2>\t\t\t\t<\/div>\n\t\t\t\t<\/div>\n\t\t\t\t<div class=\"elementor-element elementor-element-a427968 elementor-widget elementor-widget-text-editor\" data-id=\"a427968\" data-element_type=\"widget\" data-e-type=\"widget\" data-widget_type=\"text-editor.default\">\n\t\t\t\t<div class=\"elementor-widget-container\">\n\t\t\t\t\t\t\t\t\t<p class=\"p1\">The Estonian Broadcasting Museum is a non-profit association founded on 29 April 1999 by the Association of Estonian Broadcasters, Estonian Radio (Eesti Raadio), Estonian Television (Eesti Televisioon), Estonian Broadcasting Transmission Centre Ltd (Eesti Ringh\u00e4\u00e4lingu Saatekeskuse AS) and the T\u00fcri City Government. T\u00fcri, which between 1937 and 1941 was home to the State Broadcasting Company (Riigi Ringh\u00e4\u00e4ling), whose 196.6 metre antenna was the most modern facility in Europe in the year of its completion, was chosen as the location of the museum.<\/p>\n<p class=\"p1\">Collection work in the museum started in November 1999 and the first exhibition was held in December of the same year. In 2000, the museum, which had so far operated in temporary facilities, moved to a new building, renovated by the City of T\u00fcri. On the 75<sup>th<\/sup> anniversary of the Estonian Public Broadcasting (18 December 2001), the first part of the permanent exhibition was opened to the general public.<\/p>\n<p class=\"p1\">The permanent exhibition on the history of broadcasting has been constantly improved. In 2002, the museum added a section introducing Estonian Radio (Eesti Raadio) in the years of 1944 to 1991. In the summer of 2005, the permanent exhibition <i>Television<\/i> was added. In addition, the museum has curated a range of temporary exhibitions introducing various topics of broadcasting history and the legacy of significant persons. The former have been exhibited both in-house and elsewhere.<\/p>\n<p class=\"p1\">The foundation of the museum\u2019s collection was laid by everyone who responded to the calls published in the press and donated their radio and television receivers. In addition to receivers, the museum\u2019s collection now includes various studio and broadcasting technologies, reporters\u2019 equipment, literature on the history of broadcasting, documents and a large number of photos.<\/p>\n<p class=\"p1\">The current members of the non-profit association Estonian Broadcasting Museum are <a href=\"http:\/\/www.err.ee\/\"><span class=\"s1\">the Estonian Public Broadcasting<\/span><\/a>, <a href=\"https:\/\/www.eestimeedia.ee\/\"><span class=\"s1\">Postimees Group<\/span><\/a>, <a href=\"http:\/\/www.tyri.ee\/\"><span class=\"s1\">T\u00fcri Municipality Government<\/span><\/a>, <a href=\"http:\/\/www.levira.ee\/\"><span class=\"s1\">AS Levira<\/span><\/a> and the Association of Supporters of the Broadcasting Museum (<a href=\"http:\/\/www.tv3.ee\/\"><span class=\"s1\">AS TV3<\/span><\/a>, AS Taevaraadio).<\/p>\n<p><b>Thank you to everyone who has supported and helped us in the establishment and development of the museum!<\/p>\n<p><\/b><\/p>\n<h5 class=\"p1\">Estonian Broadcasting Museum<\/h5>\n<p class=\"p1\"><b>Postal address:<\/b><br \/>Vabriku pst 11, 72212 T\u00fcri<br \/>Phone: +372 385 7055<\/p>\n<p class=\"p1\"><b>Juhan Sihver<\/b><br \/><i>Director<\/i><br \/>Phone: +372 51 39 985<br \/>E-mail: rhmuuseum@rhmuuseum.ee<\/p>\n<p class=\"p1\"><b>Sirje K\u00f6\u00f6p<\/b><br \/><i>Administrator<\/i><br \/>Phone: +372 385 7055<\/p>\n<p><b>\u00a0<\/b><\/p>\n\t\t\t\t\t\t\t\t<\/div>\n\t\t\t\t<\/div>\n\t\t\t\t<div class=\"elementor-element elementor-element-9e7288e elementor-widget elementor-widget-google_maps\" data-id=\"9e7288e\" data-element_type=\"widget\" data-e-type=\"widget\" data-widget_type=\"google_maps.default\">\n\t\t\t\t<div class=\"elementor-widget-container\">\n\t\t\t\t\t\t\t<div class=\"elementor-custom-embed\">\n\t\t\t<iframe loading=\"lazy\"\n\t\t\t\t\tsrc=\"https:\/\/maps.google.com\/maps?q=eesti%20ringh%C3%A4%C3%A4lingu%20muuseum&#038;t=m&#038;z=10&#038;output=embed&#038;iwloc=near\"\n\t\t\t\t\ttitle=\"eesti ringh\u00e4\u00e4lingu muuseum\"\n\t\t\t\t\taria-label=\"eesti ringh\u00e4\u00e4lingu muuseum\"\n\t\t\t><\/iframe>\n\t\t<\/div>\n\t\t\t\t\t\t<\/div>\n\t\t\t\t<\/div>\n\t\t\t\t\t<\/div>\n\t\t<\/div>\n\t\t\t\t\t<\/div>\n\t\t<\/section>\n\t\t\t\t<\/div>\n\t\t","protected":false},"excerpt":{"rendered":"<p>Museum The Estonian Broadcasting Museum is a non-profit association founded on 29 April 1999 by the Association of Estonian Broadcasters, Estonian Radio (Eesti Raadio), Estonian Television (Eesti Televisioon), Estonian Broadcasting Transmission Centre Ltd (Eesti Ringh\u00e4\u00e4lingu Saatekeskuse AS) and the T\u00fcri City Government. T\u00fcri, which between 1937 and 1941 was home to the State Broadcasting Company [&hellip;]<\/p>\n","protected":false},"author":1,"featured_media":0,"parent":0,"menu_order":0,"comment_status":"closed","ping_status":"closed","template":"elementor_header_footer","meta":{"footnotes":""},"class_list":["post-1350","page","type-page","status-publish","hentry"],"yoast_head":"<!-- This site is optimized with the Yoast SEO plugin v27.4 - https:\/\/yoast.com\/product\/yoast-seo-wordpress\/ -->\n<title>Museum | Eesti Ringh&auml;&auml;lingute Liit<\/title>\n<meta name=\"description\" content=\"Eesti Ringh\u00e4\u00e4lingute Liit (ERL) on valitsusv\u00e4line mittetulundus\u00fching, mis edendab rahvuslikku ringh\u00e4\u00e4lingukultuuri ning esindab raadio- ja televisiooniorganisatsioonide huve. ERL tunnustab rahvuslikke ringh\u00e4\u00e4lingukultuuri edendajaid iga-aastase kuldmikrofoni v\u00e4ljaandmisega.\" \/>\n<meta name=\"robots\" content=\"index, follow, max-snippet:-1, max-image-preview:large, max-video-preview:-1\" \/>\n<link rel=\"canonical\" href=\"https:\/\/ringhaaling.ee\/muuseum\/\" \/>\n<meta property=\"og:locale\" content=\"en_US\" \/>\n<meta property=\"og:type\" content=\"article\" \/>\n<meta property=\"og:title\" content=\"Museum | Eesti Ringh&auml;&auml;lingute Liit\" \/>\n<meta property=\"og:description\" content=\"Eesti Ringh\u00e4\u00e4lingute Liit (ERL) on valitsusv\u00e4line mittetulundus\u00fching, mis edendab rahvuslikku ringh\u00e4\u00e4lingukultuuri ning esindab raadio- ja televisiooniorganisatsioonide huve. ERL tunnustab rahvuslikke ringh\u00e4\u00e4lingukultuuri edendajaid iga-aastase kuldmikrofoni v\u00e4ljaandmisega.\" \/>\n<meta property=\"og:url\" content=\"https:\/\/ringhaaling.ee\/muuseum\/\" \/>\n<meta property=\"og:site_name\" content=\"Eesti Ringh&auml;&auml;lingute Liit\" \/>\n<meta property=\"article:modified_time\" content=\"2022-11-07T13:42:46+00:00\" \/>\n<meta name=\"twitter:card\" content=\"summary_large_image\" \/>\n<meta name=\"twitter:label1\" content=\"Est. reading time\" \/>\n\t<meta name=\"twitter:data1\" content=\"2 minutes\" \/>\n<script type=\"application\/ld+json\" class=\"yoast-schema-graph\">{\"@context\":\"https:\\\/\\\/schema.org\",\"@graph\":[{\"@type\":\"WebPage\",\"@id\":\"https:\\\/\\\/ringhaaling.ee\\\/muuseum\\\/\",\"url\":\"https:\\\/\\\/ringhaaling.ee\\\/muuseum\\\/\",\"name\":\"Museum | Eesti Ringh&auml;&auml;lingute Liit\",\"isPartOf\":{\"@id\":\"https:\\\/\\\/ringhaaling.ee\\\/#website\"},\"datePublished\":\"2022-08-26T20:10:01+00:00\",\"dateModified\":\"2022-11-07T13:42:46+00:00\",\"description\":\"Eesti Ringh\u00e4\u00e4lingute Liit (ERL) on valitsusv\u00e4line mittetulundus\u00fching, mis edendab rahvuslikku ringh\u00e4\u00e4lingukultuuri ning esindab raadio- ja televisiooniorganisatsioonide huve. ERL tunnustab rahvuslikke ringh\u00e4\u00e4lingukultuuri edendajaid iga-aastase kuldmikrofoni v\u00e4ljaandmisega.\",\"breadcrumb\":{\"@id\":\"https:\\\/\\\/ringhaaling.ee\\\/muuseum\\\/#breadcrumb\"},\"inLanguage\":\"en-US\",\"potentialAction\":[{\"@type\":\"ReadAction\",\"target\":[\"https:\\\/\\\/ringhaaling.ee\\\/muuseum\\\/\"]}]},{\"@type\":\"BreadcrumbList\",\"@id\":\"https:\\\/\\\/ringhaaling.ee\\\/muuseum\\\/#breadcrumb\",\"itemListElement\":[{\"@type\":\"ListItem\",\"position\":1,\"name\":\"Home\",\"item\":\"https:\\\/\\\/ringhaaling.ee\\\/\"},{\"@type\":\"ListItem\",\"position\":2,\"name\":\"Museum\"}]},{\"@type\":\"WebSite\",\"@id\":\"https:\\\/\\\/ringhaaling.ee\\\/#website\",\"url\":\"https:\\\/\\\/ringhaaling.ee\\\/\",\"name\":\"Eesti Ringh&auml;&auml;lingute Liit\",\"description\":\"Rahvuslikku ringh&auml;&auml;lingukultuuri edendaja\",\"publisher\":{\"@id\":\"https:\\\/\\\/ringhaaling.ee\\\/#organization\"},\"potentialAction\":[{\"@type\":\"SearchAction\",\"target\":{\"@type\":\"EntryPoint\",\"urlTemplate\":\"https:\\\/\\\/ringhaaling.ee\\\/?s={search_term_string}\"},\"query-input\":{\"@type\":\"PropertyValueSpecification\",\"valueRequired\":true,\"valueName\":\"search_term_string\"}}],\"inLanguage\":\"en-US\"},{\"@type\":\"Organization\",\"@id\":\"https:\\\/\\\/ringhaaling.ee\\\/#organization\",\"name\":\"Eesti Ringh&auml;&auml;lingute Liit\",\"url\":\"https:\\\/\\\/ringhaaling.ee\\\/\",\"logo\":{\"@type\":\"ImageObject\",\"inLanguage\":\"en-US\",\"@id\":\"https:\\\/\\\/ringhaaling.ee\\\/#\\\/schema\\\/logo\\\/image\\\/\",\"url\":\"https:\\\/\\\/ringhaaling.ee\\\/wp-content\\\/uploads\\\/2022\\\/07\\\/ERL_Valge.svg\",\"contentUrl\":\"https:\\\/\\\/ringhaaling.ee\\\/wp-content\\\/uploads\\\/2022\\\/07\\\/ERL_Valge.svg\",\"width\":769,\"height\":238,\"caption\":\"Eesti Ringh&auml;&auml;lingute Liit\"},\"image\":{\"@id\":\"https:\\\/\\\/ringhaaling.ee\\\/#\\\/schema\\\/logo\\\/image\\\/\"}}]}<\/script>\n<!-- \/ Yoast SEO plugin. -->","yoast_head_json":{"title":"Museum | Eesti Ringh&auml;&auml;lingute Liit","description":"Eesti Ringh\u00e4\u00e4lingute Liit (ERL) on valitsusv\u00e4line mittetulundus\u00fching, mis edendab rahvuslikku ringh\u00e4\u00e4lingukultuuri ning esindab raadio- ja televisiooniorganisatsioonide huve. ERL tunnustab rahvuslikke ringh\u00e4\u00e4lingukultuuri edendajaid iga-aastase kuldmikrofoni v\u00e4ljaandmisega.","robots":{"index":"index","follow":"follow","max-snippet":"max-snippet:-1","max-image-preview":"max-image-preview:large","max-video-preview":"max-video-preview:-1"},"canonical":"https:\/\/ringhaaling.ee\/muuseum\/","og_locale":"en_US","og_type":"article","og_title":"Museum | Eesti Ringh&auml;&auml;lingute Liit","og_description":"Eesti Ringh\u00e4\u00e4lingute Liit (ERL) on valitsusv\u00e4line mittetulundus\u00fching, mis edendab rahvuslikku ringh\u00e4\u00e4lingukultuuri ning esindab raadio- ja televisiooniorganisatsioonide huve. ERL tunnustab rahvuslikke ringh\u00e4\u00e4lingukultuuri edendajaid iga-aastase kuldmikrofoni v\u00e4ljaandmisega.","og_url":"https:\/\/ringhaaling.ee\/muuseum\/","og_site_name":"Eesti Ringh&auml;&auml;lingute Liit","article_modified_time":"2022-11-07T13:42:46+00:00","twitter_card":"summary_large_image","twitter_misc":{"Est. reading time":"2 minutes"},"schema":{"@context":"https:\/\/schema.org","@graph":[{"@type":"WebPage","@id":"https:\/\/ringhaaling.ee\/muuseum\/","url":"https:\/\/ringhaaling.ee\/muuseum\/","name":"Museum | Eesti Ringh&auml;&auml;lingute Liit","isPartOf":{"@id":"https:\/\/ringhaaling.ee\/#website"},"datePublished":"2022-08-26T20:10:01+00:00","dateModified":"2022-11-07T13:42:46+00:00","description":"Eesti Ringh\u00e4\u00e4lingute Liit (ERL) on valitsusv\u00e4line mittetulundus\u00fching, mis edendab rahvuslikku ringh\u00e4\u00e4lingukultuuri ning esindab raadio- ja televisiooniorganisatsioonide huve. ERL tunnustab rahvuslikke ringh\u00e4\u00e4lingukultuuri edendajaid iga-aastase kuldmikrofoni v\u00e4ljaandmisega.","breadcrumb":{"@id":"https:\/\/ringhaaling.ee\/muuseum\/#breadcrumb"},"inLanguage":"en-US","potentialAction":[{"@type":"ReadAction","target":["https:\/\/ringhaaling.ee\/muuseum\/"]}]},{"@type":"BreadcrumbList","@id":"https:\/\/ringhaaling.ee\/muuseum\/#breadcrumb","itemListElement":[{"@type":"ListItem","position":1,"name":"Home","item":"https:\/\/ringhaaling.ee\/"},{"@type":"ListItem","position":2,"name":"Museum"}]},{"@type":"WebSite","@id":"https:\/\/ringhaaling.ee\/#website","url":"https:\/\/ringhaaling.ee\/","name":"Eesti Ringh&auml;&auml;lingute Liit","description":"Rahvuslikku ringh&auml;&auml;lingukultuuri edendaja","publisher":{"@id":"https:\/\/ringhaaling.ee\/#organization"},"potentialAction":[{"@type":"SearchAction","target":{"@type":"EntryPoint","urlTemplate":"https:\/\/ringhaaling.ee\/?s={search_term_string}"},"query-input":{"@type":"PropertyValueSpecification","valueRequired":true,"valueName":"search_term_string"}}],"inLanguage":"en-US"},{"@type":"Organization","@id":"https:\/\/ringhaaling.ee\/#organization","name":"Eesti Ringh&auml;&auml;lingute Liit","url":"https:\/\/ringhaaling.ee\/","logo":{"@type":"ImageObject","inLanguage":"en-US","@id":"https:\/\/ringhaaling.ee\/#\/schema\/logo\/image\/","url":"https:\/\/ringhaaling.ee\/wp-content\/uploads\/2022\/07\/ERL_Valge.svg","contentUrl":"https:\/\/ringhaaling.ee\/wp-content\/uploads\/2022\/07\/ERL_Valge.svg","width":769,"height":238,"caption":"Eesti Ringh&auml;&auml;lingute Liit"},"image":{"@id":"https:\/\/ringhaaling.ee\/#\/schema\/logo\/image\/"}}]}},"_links":{"self":[{"href":"https:\/\/ringhaaling.ee\/en\/wp-json\/wp\/v2\/pages\/1350","targetHints":{"allow":["GET"]}}],"collection":[{"href":"https:\/\/ringhaaling.ee\/en\/wp-json\/wp\/v2\/pages"}],"about":[{"href":"https:\/\/ringhaaling.ee\/en\/wp-json\/wp\/v2\/types\/page"}],"author":[{"embeddable":true,"href":"https:\/\/ringhaaling.ee\/en\/wp-json\/wp\/v2\/users\/1"}],"replies":[{"embeddable":true,"href":"https:\/\/ringhaaling.ee\/en\/wp-json\/wp\/v2\/comments?post=1350"}],"version-history":[{"count":2,"href":"https:\/\/ringhaaling.ee\/en\/wp-json\/wp\/v2\/pages\/1350\/revisions"}],"predecessor-version":[{"id":1376,"href":"https:\/\/ringhaaling.ee\/en\/wp-json\/wp\/v2\/pages\/1350\/revisions\/1376"}],"wp:attachment":[{"href":"https:\/\/ringhaaling.ee\/en\/wp-json\/wp\/v2\/media?parent=1350"}],"curies":[{"name":"wp","href":"https:\/\/api.w.org\/{rel}","templated":true}]}}