{"id":1349,"date":"2022-08-26T23:02:04","date_gmt":"2022-08-26T20:02:04","guid":{"rendered":"https:\/\/ringhaaling.ee\/chronicle\/"},"modified":"2022-11-07T16:56:40","modified_gmt":"2022-11-07T13:56:40","slug":"chronicle","status":"publish","type":"page","link":"https:\/\/ringhaaling.ee\/en\/chronicle\/","title":{"rendered":"Chronicle"},"content":{"rendered":"\t\t<div data-elementor-type=\"wp-page\" data-elementor-id=\"1349\" class=\"elementor elementor-1349 elementor-890\" data-elementor-post-type=\"page\">\n\t\t\t\t\t\t<section class=\"elementor-section elementor-top-section elementor-element elementor-element-681b5a5 elementor-section-boxed elementor-section-height-default elementor-section-height-default\" data-id=\"681b5a5\" data-element_type=\"section\" data-e-type=\"section\">\n\t\t\t\t\t\t<div class=\"elementor-container elementor-column-gap-default\">\n\t\t\t\t\t<div class=\"elementor-column elementor-col-100 elementor-top-column elementor-element elementor-element-2e73ecf\" data-id=\"2e73ecf\" data-element_type=\"column\" data-e-type=\"column\">\n\t\t\t<div class=\"elementor-widget-wrap elementor-element-populated\">\n\t\t\t\t\t\t<div class=\"elementor-element elementor-element-2f3cb0d elementor-widget elementor-widget-heading\" data-id=\"2f3cb0d\" data-element_type=\"widget\" data-e-type=\"widget\" data-widget_type=\"heading.default\">\n\t\t\t\t<div class=\"elementor-widget-container\">\n\t\t\t\t\t<h2 class=\"elementor-heading-title elementor-size-default\">Chronicle<\/h2>\t\t\t\t<\/div>\n\t\t\t\t<\/div>\n\t\t\t\t<div class=\"elementor-element elementor-element-031f4cf elementor-widget elementor-widget-text-editor\" data-id=\"031f4cf\" data-element_type=\"widget\" data-e-type=\"widget\" id=\"ajalugu\" data-widget_type=\"text-editor.default\">\n\t\t\t\t<div class=\"elementor-widget-container\">\n\t\t\t\t\t\t\t\t\t<div id=\"menu_panel\">\n<div class=\"main_menu\"><\/div>\n<\/div>\n<div id=\"content_panel\">\n<div id=\"article\">\n<div id=\"conentbox\">\n<p><strong>1921, autumn<\/strong> \u2013 the first public demonstration of a radio set in Estonia<br \/>\n<strong>1923, 22 November<\/strong> \u2013 the Estonian word for broadcasting was invented (Hindrek Rikand, Chief of the Estonian Postal Administration)<br \/>\n<strong>1924, 16 January<\/strong> \u2013 the first presumed broadcast in Haapsalu, which somewhat resembled a communication session<br \/>\n<strong>1924, 11 May<\/strong> \u2013 the first radio broadcast in Haapsalu<br \/>\n<strong>1924, 17 May<\/strong> \u2013 founding of the first radio organisation, Estonian Radio Club (Eesti Raadio Klubi), which published the first radio magazine, <i>Estonian Radio <\/i>(<i>Eesti Raadio<\/i>)<br \/>\n<strong>1924, summer<\/strong> \u2013 a Swedish company conducted short test broadcasts in Tallinn<br \/>\n<strong>1924, 1 October<\/strong> \u2013 founding of the private limited company Radio Broadcasting (Raadio Ringh\u00e4\u00e4ling)<br \/>\n<strong>1925 September to 1926 March<\/strong> \u2013 constant test broadcasts from Tallinn<br \/>\n<strong>1926, 18 December<\/strong> \u2013 Kopli radio station started broadcasting. The beginning of regular broadcasting<br \/>\n<strong>1927, 1 January<\/strong> \u2013 introduction of a broadcasting tax<br \/>\n<strong>1927, 6 February<\/strong> \u2013 the first broadcast in Esperanto<br \/>\n<strong>1927, 6 February<\/strong> \u2013 Felix Moor started working in broadcasting. The first broadcast from the Estonia Theatre<br \/>\n<strong>1927, 12 February<\/strong> \u2013 the first recitation on air<br \/>\n<strong>1927, 16 February<\/strong> \u2013 the first reading hour<br \/>\n<strong>1927, 5 May<\/strong> \u2013 the first children\u2019s hour<br \/>\n<strong>1927, summer<\/strong> \u2013 the first questionnaire<br \/>\n<strong>1927, 1 November<\/strong> \u2013 moving to the third floor of the Estonia Theatre<br \/>\n<strong>1928, 19 February<\/strong> \u2013 the first report (from the first radio exhibition)<br \/>\n<strong>1928, 24 February<\/strong> \u2013 the first radio drama<br \/>\n<strong>1928, October<\/strong> \u2013 a temporary station in Tartu started broadcasting<br \/>\n<strong>1928, 21 November<\/strong> \u2013 the first radio drama for children<br \/>\n<strong>1929, 28 April<\/strong> \u2013 the first public radio evening in the Estonia Theatre<br \/>\n<strong>1929, July<\/strong> \u2013 a new transmitter, built by Soviet experts, started operating. The previous transmitter in Kopli was moved to Tartu<br \/>\n<strong>1930, 20 June<\/strong> \u2013 the first sports report<br \/>\n<strong>1932, 1 June<\/strong> \u2013 Estonia became a member of the International Broadcasting Union (IBU)<br \/>\n<strong>1934, 30 June<\/strong> \u2013 Radio Broadcasting (Raadio Ringh\u00e4\u00e4ling) ceased its operations<br \/>\n<strong>1934, 1 August<\/strong> \u2013 the State Broadcasting Company (Riigi Ringh\u00e4\u00e4ling) began operating<br \/>\n<strong>1934, summer<\/strong> \u2013 music was broadcast for the first time during daytime (this was thus far only done in the evenings)<br \/>\n<strong>1934, 4 November<\/strong> \u2013 the first request concert<br \/>\n<strong>1935, 28 February<\/strong> \u2013 the first report from abroad (from the Helsinki exhibition hall)<br \/>\n<strong>1935, 6-8 August<\/strong> \u2013 the first Baltic broadcasting conference in Riga<br \/>\n<strong>1935-1936<\/strong> \u2013 the first radio drama and composition competition<br \/>\n<strong>1936, March<\/strong> \u2013 the first record player arrived from America<br \/>\n<strong>1936, 25-26 April<\/strong> \u2013 the first Estonian-Finnish broadcasting conference in Helsinki<br \/>\n<strong>1936, 1 October<\/strong> \u2013 the beginning of school radio<br \/>\n<strong>1937, 31 May<\/strong> \u2013 the first time news was broadcast in the morning<br \/>\n<strong>1937, 15 December<\/strong> \u2013 T\u00fcri radio station started broadcasting<br \/>\n<strong>1938<\/strong> \u2013 the first medium wave transmission of stereophonic signal<br \/>\n<strong>1938, August<\/strong> \u2013 the first broadcast vehicle, named Silver Grey (H\u00f5behall)<br \/>\n<strong>1938, October-December<\/strong> \u2013 the first joint broadcasts with the Finnish Broadcasting Company<br \/>\n<strong>1939, April<\/strong> \u2013 the first tape recorders arrived (tape recorders were first tested in Germany in 1935). The beginning of the construction of a radio station<br \/>\n<strong>1940<\/strong> \u2013 the beginning of daily news in English and German in January and weekly French and Swedish overviews in March<br \/>\n<strong>1940, 22 November<\/strong> \u2013 establishment of the Radio Committee of the Council of People\u2019s Commissars of the ESSR<br \/>\n<strong>1941, 26 August<\/strong> \u2013 the transmitter in Lasnam\u00e4e stopped working<br \/>\n<strong>1941, 7 September<\/strong> \u2013 Landessender Reval (German occupation propaganda) began broadcasting, lasting until 20 September 1944<br \/>\n<strong>1941, September-October<\/strong> \u2013 the first Estonian-language broadcasts from the rear of the Soviet Union: Leningrad, Moscow, Kuybyshev (Soviet propaganda), which lasted until February 1944<br \/>\n<strong>1944, 9 March<\/strong> \u2013 during the Soviet air strike on Tallinn, all studios and record collections, as well as the radio archive, were destroyed along with the Estonia Theatre<br \/>\n<strong>1944, 25 September<\/strong> \u2013 establishment of the entertainment and dance orchestra<br \/>\n<strong>1944, 29 October<\/strong> \u2013 the first post-war broadcast from Tallinn (a temporary broadcast was also done in September from V\u00f5ru)<br \/>\n<strong>1945, 17 July<\/strong> \u2013 the radio moves to the basement of the radio station on Kreutzwaldi Street<br \/>\n<strong>1945, 16 October<\/strong> \u2013 establishment of a mixed radio choir<br \/>\n<strong>1947, 14 March<\/strong> \u2013 the beginning of regular Finnish broadcasts<br \/>\n<strong>1949, October<\/strong> \u2013 a medium wave transmitter was completed in Laitse (a medium wave trophy transmitter was set up), which operated until 1998, when Eesti Raadio stopped using the medium wave range<br \/>\n<strong>1949-1950<\/strong> \u2013 the first (old) radio station was completed<br \/>\n<strong>1953, autumn<\/strong> \u2013 a portable tape recorder, Reporter-1, arrived from Moscow, weighing a total of 5 kg (it had a crank like a gramophone and recorded up to three minutes, powered by a spring)<br \/>\n<strong>1956, 1 May<\/strong> \u2013 ultrashort wave broadcasts from Tallinn<br \/>\n<strong>1958, 6 October<\/strong> \u2013 the first P\u00e4evakaja broadcast (the most important news of the day)<br \/>\n<strong>1958, 11 May<\/strong> \u2013 establishment of a club for young reporters, which produced a plethora of well-known radio and television personalities<br \/>\n<strong>1961, 21 July<\/strong> \u2013 the first ultrashort wave stereo broadcast<br \/>\n<strong>1965<\/strong> \u2013 establishment of a public opinion research group<br \/>\n<strong>1967, 3 June<\/strong> \u2013 the second programme of Eesti Raadio \u2013 Vikerraadio \u2013 started broadcasting<br \/>\n<strong>1971, 1 January<\/strong> \u2013 the beginning of regular stereophonic broadcasts<br \/>\n<strong>1977<\/strong> \u2013 the first quadrophonic test broadcast<br \/>\n<strong>1978<\/strong> \u2013 Estonian Radio (Eesti Raadio) received its first cassette recorders (first used in 1962 in the USA)<br \/>\n<strong>1987<\/strong> \u2013 reporters received the first stereophonic cassette recorders (Sony)<br \/>\n<strong>1991, 30 September<\/strong> \u2013 the first full-programme local radio on an independent frequency (Raadio Tartu) began broadcasting<br \/>\n<strong>1992, 1 March<\/strong> \u2013 the first private equity-based commercial radio in Tallinn (KUKU) began broadcasting<br \/>\n<strong>1994, 14 June<\/strong> \u2013 the Broadcasting Act entered into force<br \/>\n<strong>1995<\/strong> \u2013 the first radio stations that broadcast using only a computer (Ruut in Valga, B3 in Tallinn) start operating<br \/>\n<strong>1997, May-June<\/strong> \u2013 Raadio 2 and KUKU started broadcasting online in real time<br \/>\n<strong>1998, 1 July<\/strong> \u2013 Eesti Raadio stopped using the medium wave. The transmitter in Laitse was closed with a bittersweet broadcast of whistling<br \/>\n<strong>1999, June-July<\/strong> \u2013 KUKU, Uuno and Elmar began broadcasting via satellite (until then, communication took place via the long-distance telephone line)<\/p>\n<\/div>\n<\/div>\n<\/div>\n\t\t\t\t\t\t\t\t<\/div>\n\t\t\t\t<\/div>\n\t\t\t\t\t<\/div>\n\t\t<\/div>\n\t\t\t\t\t<\/div>\n\t\t<\/section>\n\t\t\t\t<\/div>\n\t\t","protected":false},"excerpt":{"rendered":"<p>Chronicle 1921, autumn \u2013 the first public demonstration of a radio set in Estonia 1923, 22 November \u2013 the Estonian word for broadcasting was invented (Hindrek Rikand, Chief of the Estonian Postal Administration) 1924, 16 January \u2013 the first presumed broadcast in Haapsalu, which somewhat resembled a communication session 1924, 11 May \u2013 the first [&hellip;]<\/p>\n","protected":false},"author":1,"featured_media":0,"parent":0,"menu_order":0,"comment_status":"closed","ping_status":"closed","template":"elementor_header_footer","meta":{"footnotes":""},"class_list":["post-1349","page","type-page","status-publish","hentry"],"yoast_head":"<!-- This site is optimized with the Yoast SEO plugin v27.5 - https:\/\/yoast.com\/product\/yoast-seo-wordpress\/ -->\n<title>Chronicle | Eesti Ringh&auml;&auml;lingute Liit<\/title>\n<meta name=\"description\" content=\"Eesti Ringh\u00e4\u00e4lingute Liit (ERL) on valitsusv\u00e4line mittetulundus\u00fching, mis edendab rahvuslikku ringh\u00e4\u00e4lingukultuuri ning esindab raadio- ja televisiooniorganisatsioonide huve. ERL tunnustab rahvuslikke ringh\u00e4\u00e4lingukultuuri edendajaid iga-aastase kuldmikrofoni v\u00e4ljaandmisega.\" \/>\n<meta name=\"robots\" content=\"index, follow, max-snippet:-1, max-image-preview:large, max-video-preview:-1\" \/>\n<link rel=\"canonical\" href=\"https:\/\/ringhaaling.ee\/ajaloo-kroonika\/\" \/>\n<meta property=\"og:locale\" content=\"en_US\" \/>\n<meta property=\"og:type\" content=\"article\" \/>\n<meta property=\"og:title\" content=\"Chronicle | Eesti Ringh&auml;&auml;lingute Liit\" \/>\n<meta property=\"og:description\" content=\"Eesti Ringh\u00e4\u00e4lingute Liit (ERL) on valitsusv\u00e4line mittetulundus\u00fching, mis edendab rahvuslikku ringh\u00e4\u00e4lingukultuuri ning esindab raadio- ja televisiooniorganisatsioonide huve. ERL tunnustab rahvuslikke ringh\u00e4\u00e4lingukultuuri edendajaid iga-aastase kuldmikrofoni v\u00e4ljaandmisega.\" \/>\n<meta property=\"og:url\" content=\"https:\/\/ringhaaling.ee\/ajaloo-kroonika\/\" \/>\n<meta property=\"og:site_name\" content=\"Eesti Ringh&auml;&auml;lingute Liit\" \/>\n<meta property=\"article:modified_time\" content=\"2022-11-07T13:56:40+00:00\" \/>\n<meta name=\"twitter:card\" content=\"summary_large_image\" \/>\n<meta name=\"twitter:label1\" content=\"Est. reading time\" \/>\n\t<meta name=\"twitter:data1\" content=\"4 minutes\" \/>\n<script type=\"application\/ld+json\" class=\"yoast-schema-graph\">{\"@context\":\"https:\\\/\\\/schema.org\",\"@graph\":[{\"@type\":\"WebPage\",\"@id\":\"https:\\\/\\\/ringhaaling.ee\\\/ajaloo-kroonika\\\/\",\"url\":\"https:\\\/\\\/ringhaaling.ee\\\/ajaloo-kroonika\\\/\",\"name\":\"Chronicle | Eesti Ringh&auml;&auml;lingute Liit\",\"isPartOf\":{\"@id\":\"https:\\\/\\\/ringhaaling.ee\\\/#website\"},\"datePublished\":\"2022-08-26T20:02:04+00:00\",\"dateModified\":\"2022-11-07T13:56:40+00:00\",\"description\":\"Eesti Ringh\u00e4\u00e4lingute Liit (ERL) on valitsusv\u00e4line mittetulundus\u00fching, mis edendab rahvuslikku ringh\u00e4\u00e4lingukultuuri ning esindab raadio- ja televisiooniorganisatsioonide huve. ERL tunnustab rahvuslikke ringh\u00e4\u00e4lingukultuuri edendajaid iga-aastase kuldmikrofoni v\u00e4ljaandmisega.\",\"breadcrumb\":{\"@id\":\"https:\\\/\\\/ringhaaling.ee\\\/ajaloo-kroonika\\\/#breadcrumb\"},\"inLanguage\":\"en-US\",\"potentialAction\":[{\"@type\":\"ReadAction\",\"target\":[\"https:\\\/\\\/ringhaaling.ee\\\/ajaloo-kroonika\\\/\"]}]},{\"@type\":\"BreadcrumbList\",\"@id\":\"https:\\\/\\\/ringhaaling.ee\\\/ajaloo-kroonika\\\/#breadcrumb\",\"itemListElement\":[{\"@type\":\"ListItem\",\"position\":1,\"name\":\"Home\",\"item\":\"https:\\\/\\\/ringhaaling.ee\\\/\"},{\"@type\":\"ListItem\",\"position\":2,\"name\":\"Chronicle\"}]},{\"@type\":\"WebSite\",\"@id\":\"https:\\\/\\\/ringhaaling.ee\\\/#website\",\"url\":\"https:\\\/\\\/ringhaaling.ee\\\/\",\"name\":\"Eesti Ringh&auml;&auml;lingute Liit\",\"description\":\"Rahvuslikku ringh&auml;&auml;lingukultuuri edendaja\",\"publisher\":{\"@id\":\"https:\\\/\\\/ringhaaling.ee\\\/#organization\"},\"potentialAction\":[{\"@type\":\"SearchAction\",\"target\":{\"@type\":\"EntryPoint\",\"urlTemplate\":\"https:\\\/\\\/ringhaaling.ee\\\/?s={search_term_string}\"},\"query-input\":{\"@type\":\"PropertyValueSpecification\",\"valueRequired\":true,\"valueName\":\"search_term_string\"}}],\"inLanguage\":\"en-US\"},{\"@type\":\"Organization\",\"@id\":\"https:\\\/\\\/ringhaaling.ee\\\/#organization\",\"name\":\"Eesti Ringh&auml;&auml;lingute Liit\",\"url\":\"https:\\\/\\\/ringhaaling.ee\\\/\",\"logo\":{\"@type\":\"ImageObject\",\"inLanguage\":\"en-US\",\"@id\":\"https:\\\/\\\/ringhaaling.ee\\\/#\\\/schema\\\/logo\\\/image\\\/\",\"url\":\"https:\\\/\\\/ringhaaling.ee\\\/wp-content\\\/uploads\\\/2022\\\/07\\\/ERL_Valge.svg\",\"contentUrl\":\"https:\\\/\\\/ringhaaling.ee\\\/wp-content\\\/uploads\\\/2022\\\/07\\\/ERL_Valge.svg\",\"width\":769,\"height\":238,\"caption\":\"Eesti Ringh&auml;&auml;lingute Liit\"},\"image\":{\"@id\":\"https:\\\/\\\/ringhaaling.ee\\\/#\\\/schema\\\/logo\\\/image\\\/\"}}]}<\/script>\n<!-- \/ Yoast SEO plugin. -->","yoast_head_json":{"title":"Chronicle | Eesti Ringh&auml;&auml;lingute Liit","description":"Eesti Ringh\u00e4\u00e4lingute Liit (ERL) on valitsusv\u00e4line mittetulundus\u00fching, mis edendab rahvuslikku ringh\u00e4\u00e4lingukultuuri ning esindab raadio- ja televisiooniorganisatsioonide huve. ERL tunnustab rahvuslikke ringh\u00e4\u00e4lingukultuuri edendajaid iga-aastase kuldmikrofoni v\u00e4ljaandmisega.","robots":{"index":"index","follow":"follow","max-snippet":"max-snippet:-1","max-image-preview":"max-image-preview:large","max-video-preview":"max-video-preview:-1"},"canonical":"https:\/\/ringhaaling.ee\/ajaloo-kroonika\/","og_locale":"en_US","og_type":"article","og_title":"Chronicle | Eesti Ringh&auml;&auml;lingute Liit","og_description":"Eesti Ringh\u00e4\u00e4lingute Liit (ERL) on valitsusv\u00e4line mittetulundus\u00fching, mis edendab rahvuslikku ringh\u00e4\u00e4lingukultuuri ning esindab raadio- ja televisiooniorganisatsioonide huve. ERL tunnustab rahvuslikke ringh\u00e4\u00e4lingukultuuri edendajaid iga-aastase kuldmikrofoni v\u00e4ljaandmisega.","og_url":"https:\/\/ringhaaling.ee\/ajaloo-kroonika\/","og_site_name":"Eesti Ringh&auml;&auml;lingute Liit","article_modified_time":"2022-11-07T13:56:40+00:00","twitter_card":"summary_large_image","twitter_misc":{"Est. reading time":"4 minutes"},"schema":{"@context":"https:\/\/schema.org","@graph":[{"@type":"WebPage","@id":"https:\/\/ringhaaling.ee\/ajaloo-kroonika\/","url":"https:\/\/ringhaaling.ee\/ajaloo-kroonika\/","name":"Chronicle | Eesti Ringh&auml;&auml;lingute Liit","isPartOf":{"@id":"https:\/\/ringhaaling.ee\/#website"},"datePublished":"2022-08-26T20:02:04+00:00","dateModified":"2022-11-07T13:56:40+00:00","description":"Eesti Ringh\u00e4\u00e4lingute Liit (ERL) on valitsusv\u00e4line mittetulundus\u00fching, mis edendab rahvuslikku ringh\u00e4\u00e4lingukultuuri ning esindab raadio- ja televisiooniorganisatsioonide huve. ERL tunnustab rahvuslikke ringh\u00e4\u00e4lingukultuuri edendajaid iga-aastase kuldmikrofoni v\u00e4ljaandmisega.","breadcrumb":{"@id":"https:\/\/ringhaaling.ee\/ajaloo-kroonika\/#breadcrumb"},"inLanguage":"en-US","potentialAction":[{"@type":"ReadAction","target":["https:\/\/ringhaaling.ee\/ajaloo-kroonika\/"]}]},{"@type":"BreadcrumbList","@id":"https:\/\/ringhaaling.ee\/ajaloo-kroonika\/#breadcrumb","itemListElement":[{"@type":"ListItem","position":1,"name":"Home","item":"https:\/\/ringhaaling.ee\/"},{"@type":"ListItem","position":2,"name":"Chronicle"}]},{"@type":"WebSite","@id":"https:\/\/ringhaaling.ee\/#website","url":"https:\/\/ringhaaling.ee\/","name":"Eesti Ringh&auml;&auml;lingute Liit","description":"Rahvuslikku ringh&auml;&auml;lingukultuuri edendaja","publisher":{"@id":"https:\/\/ringhaaling.ee\/#organization"},"potentialAction":[{"@type":"SearchAction","target":{"@type":"EntryPoint","urlTemplate":"https:\/\/ringhaaling.ee\/?s={search_term_string}"},"query-input":{"@type":"PropertyValueSpecification","valueRequired":true,"valueName":"search_term_string"}}],"inLanguage":"en-US"},{"@type":"Organization","@id":"https:\/\/ringhaaling.ee\/#organization","name":"Eesti Ringh&auml;&auml;lingute Liit","url":"https:\/\/ringhaaling.ee\/","logo":{"@type":"ImageObject","inLanguage":"en-US","@id":"https:\/\/ringhaaling.ee\/#\/schema\/logo\/image\/","url":"https:\/\/ringhaaling.ee\/wp-content\/uploads\/2022\/07\/ERL_Valge.svg","contentUrl":"https:\/\/ringhaaling.ee\/wp-content\/uploads\/2022\/07\/ERL_Valge.svg","width":769,"height":238,"caption":"Eesti Ringh&auml;&auml;lingute Liit"},"image":{"@id":"https:\/\/ringhaaling.ee\/#\/schema\/logo\/image\/"}}]}},"_links":{"self":[{"href":"https:\/\/ringhaaling.ee\/en\/wp-json\/wp\/v2\/pages\/1349","targetHints":{"allow":["GET"]}}],"collection":[{"href":"https:\/\/ringhaaling.ee\/en\/wp-json\/wp\/v2\/pages"}],"about":[{"href":"https:\/\/ringhaaling.ee\/en\/wp-json\/wp\/v2\/types\/page"}],"author":[{"embeddable":true,"href":"https:\/\/ringhaaling.ee\/en\/wp-json\/wp\/v2\/users\/1"}],"replies":[{"embeddable":true,"href":"https:\/\/ringhaaling.ee\/en\/wp-json\/wp\/v2\/comments?post=1349"}],"version-history":[{"count":2,"href":"https:\/\/ringhaaling.ee\/en\/wp-json\/wp\/v2\/pages\/1349\/revisions"}],"predecessor-version":[{"id":1393,"href":"https:\/\/ringhaaling.ee\/en\/wp-json\/wp\/v2\/pages\/1349\/revisions\/1393"}],"wp:attachment":[{"href":"https:\/\/ringhaaling.ee\/en\/wp-json\/wp\/v2\/media?parent=1349"}],"curies":[{"name":"wp","href":"https:\/\/api.w.org\/{rel}","templated":true}]}}