{"id":1338,"date":"2022-07-24T15:15:44","date_gmt":"2022-07-24T12:15:44","guid":{"rendered":"https:\/\/ringhaaling.ee\/social-campaign\/"},"modified":"2026-04-08T13:37:57","modified_gmt":"2026-04-08T10:37:57","slug":"social-campaign","status":"publish","type":"page","link":"https:\/\/ringhaaling.ee\/en\/social-campaign\/","title":{"rendered":"Social campaign"},"content":{"rendered":"\t\t<div data-elementor-type=\"wp-page\" data-elementor-id=\"1338\" class=\"elementor elementor-1338 elementor-23\" data-elementor-post-type=\"page\">\n\t\t\t\t\t\t<section class=\"elementor-section elementor-top-section elementor-element elementor-element-b1a37c0 elementor-section-boxed elementor-section-height-default elementor-section-height-default\" data-id=\"b1a37c0\" data-element_type=\"section\" data-e-type=\"section\" data-settings=\"{&quot;background_background&quot;:&quot;classic&quot;}\">\n\t\t\t\t\t\t<div class=\"elementor-container elementor-column-gap-no\">\n\t\t\t\t\t<div class=\"elementor-column elementor-col-100 elementor-top-column elementor-element elementor-element-6249030\" data-id=\"6249030\" data-element_type=\"column\" data-e-type=\"column\">\n\t\t\t<div class=\"elementor-widget-wrap elementor-element-populated\">\n\t\t\t\t\t\t<div class=\"elementor-element elementor-element-aaaa08f elementor-widget elementor-widget-heading\" data-id=\"aaaa08f\" data-element_type=\"widget\" data-e-type=\"widget\" data-widget_type=\"heading.default\">\n\t\t\t\t<div class=\"elementor-widget-container\">\n\t\t\t\t\t<h2 class=\"elementor-heading-title elementor-size-default\">Social campaigns<\/h2>\t\t\t\t<\/div>\n\t\t\t\t<\/div>\n\t\t\t\t\t<\/div>\n\t\t<\/div>\n\t\t\t\t\t<\/div>\n\t\t<\/section>\n\t\t\t\t<section class=\"elementor-section elementor-top-section elementor-element elementor-element-68bf2f4 elementor-section-boxed elementor-section-height-default elementor-section-height-default\" data-id=\"68bf2f4\" data-element_type=\"section\" data-e-type=\"section\" data-settings=\"{&quot;background_background&quot;:&quot;classic&quot;}\">\n\t\t\t\t\t\t<div class=\"elementor-container elementor-column-gap-default\">\n\t\t\t\t\t<div class=\"elementor-column elementor-col-33 elementor-top-column elementor-element elementor-element-4fc9551\" data-id=\"4fc9551\" data-element_type=\"column\" data-e-type=\"column\">\n\t\t\t<div class=\"elementor-widget-wrap elementor-element-populated\">\n\t\t\t\t\t\t<div class=\"elementor-element elementor-element-5646020 elementor-widget elementor-widget-image\" data-id=\"5646020\" data-element_type=\"widget\" data-e-type=\"widget\" data-widget_type=\"image.default\">\n\t\t\t\t<div class=\"elementor-widget-container\">\n\t\t\t\t\t\t\t\t\t\t\t\t\t\t\t<img decoding=\"async\" width=\"59\" height=\"49\" src=\"https:\/\/ringhaaling.ee\/wp-content\/uploads\/2022\/07\/Users.png\" class=\"attachment-large size-large wp-image-1241\" alt=\"\" \/>\t\t\t\t\t\t\t\t\t\t\t\t\t\t\t<\/div>\n\t\t\t\t<\/div>\n\t\t\t\t<div class=\"elementor-element elementor-element-5bf1431 elementor-widget elementor-widget-text-editor\" data-id=\"5bf1431\" data-element_type=\"widget\" data-e-type=\"widget\" data-widget_type=\"text-editor.default\">\n\t\t\t\t<div class=\"elementor-widget-container\">\n\t\t\t\t\t\t\t\t\t<p>518 000 Estonian-speaking &amp; 157 000 foreign language weekly listeners<\/p>\t\t\t\t\t\t\t\t<\/div>\n\t\t\t\t<\/div>\n\t\t\t\t\t<\/div>\n\t\t<\/div>\n\t\t\t\t<div class=\"elementor-column elementor-col-33 elementor-top-column elementor-element elementor-element-34d95d5\" data-id=\"34d95d5\" data-element_type=\"column\" data-e-type=\"column\">\n\t\t\t<div class=\"elementor-widget-wrap elementor-element-populated\">\n\t\t\t\t\t\t<div class=\"elementor-element elementor-element-e3d3ba3 elementor-widget elementor-widget-image\" data-id=\"e3d3ba3\" data-element_type=\"widget\" data-e-type=\"widget\" data-widget_type=\"image.default\">\n\t\t\t\t<div class=\"elementor-widget-container\">\n\t\t\t\t\t\t\t\t\t\t\t\t\t\t\t<img decoding=\"async\" width=\"68\" height=\"51\" src=\"https:\/\/ringhaaling.ee\/wp-content\/uploads\/2022\/07\/Lained.png\" class=\"attachment-large size-large wp-image-1240\" alt=\"\" \/>\t\t\t\t\t\t\t\t\t\t\t\t\t\t\t<\/div>\n\t\t\t\t<\/div>\n\t\t\t\t<div class=\"elementor-element elementor-element-781e5f5 elementor-widget elementor-widget-text-editor\" data-id=\"781e5f5\" data-element_type=\"widget\" data-e-type=\"widget\" data-widget_type=\"text-editor.default\">\n\t\t\t\t<div class=\"elementor-widget-container\">\n\t\t\t\t\t\t\t\t\t<p>19 FM stations, 13 DAB+ stations<\/p>\t\t\t\t\t\t\t\t<\/div>\n\t\t\t\t<\/div>\n\t\t\t\t\t<\/div>\n\t\t<\/div>\n\t\t\t\t<div class=\"elementor-column elementor-col-33 elementor-top-column elementor-element elementor-element-e01e09f\" data-id=\"e01e09f\" data-element_type=\"column\" data-e-type=\"column\">\n\t\t\t<div class=\"elementor-widget-wrap elementor-element-populated\">\n\t\t\t\t\t\t<div class=\"elementor-element elementor-element-75d3a9e elementor-widget elementor-widget-image\" data-id=\"75d3a9e\" data-element_type=\"widget\" data-e-type=\"widget\" data-widget_type=\"image.default\">\n\t\t\t\t<div class=\"elementor-widget-container\">\n\t\t\t\t\t\t\t\t\t\t\t\t\t\t\t<img decoding=\"async\" width=\"61\" height=\"48\" src=\"https:\/\/ringhaaling.ee\/wp-content\/uploads\/2022\/07\/Group-614.png\" class=\"attachment-large size-large wp-image-1239\" alt=\"\" \/>\t\t\t\t\t\t\t\t\t\t\t\t\t\t\t<\/div>\n\t\t\t\t<\/div>\n\t\t\t\t<div class=\"elementor-element elementor-element-33bf9d4 elementor-widget elementor-widget-text-editor\" data-id=\"33bf9d4\" data-element_type=\"widget\" data-e-type=\"widget\" data-widget_type=\"text-editor.default\">\n\t\t\t\t<div class=\"elementor-widget-container\">\n\t\t\t\t\t\t\t\t\t<p>Audio clip played 855 times<\/p>\t\t\t\t\t\t\t\t<\/div>\n\t\t\t\t<\/div>\n\t\t\t\t\t<\/div>\n\t\t<\/div>\n\t\t\t\t\t<\/div>\n\t\t<\/section>\n\t\t\t\t<section class=\"elementor-section elementor-top-section elementor-element elementor-element-5706406 elementor-section-boxed elementor-section-height-default elementor-section-height-default\" data-id=\"5706406\" data-element_type=\"section\" data-e-type=\"section\" data-settings=\"{&quot;background_background&quot;:&quot;classic&quot;}\">\n\t\t\t\t\t\t<div class=\"elementor-container elementor-column-gap-no\">\n\t\t\t\t\t<div class=\"elementor-column elementor-col-100 elementor-top-column elementor-element elementor-element-f9b688b\" data-id=\"f9b688b\" data-element_type=\"column\" data-e-type=\"column\">\n\t\t\t<div class=\"elementor-widget-wrap elementor-element-populated\">\n\t\t\t\t\t\t<div class=\"elementor-element elementor-element-26b5fde elementor-widget elementor-widget-text-editor\" data-id=\"26b5fde\" data-element_type=\"widget\" data-e-type=\"widget\" data-widget_type=\"text-editor.default\">\n\t\t\t\t<div class=\"elementor-widget-container\">\n\t\t\t\t\t\t\t\t\t<div class=\"row-start-1 col-start-1 min-w-0\"><div class=\"min-w-0 pl-2 py-1.5\"><strong style=\"font-family: -apple-system, BlinkMacSystemFont, 'Segoe UI', Roboto, 'Helvetica Neue', Arial, 'Noto Sans', sans-serif, 'Apple Color Emoji', 'Segoe UI Emoji', 'Segoe UI Symbol', 'Noto Color Emoji';\">SOCIAL CAMPAIGN<\/strong><\/div><\/div><div class=\"row-start-2 col-start-1 relative grid isolate min-w-0\"><div class=\"row-start-1 col-start-1 relative z-[2] min-w-0\"><div class=\"standard-markdown grid-cols-1 grid [&amp;_&gt;_*]:min-w-0 gap-3 standard-markdown\"><p class=\"font-claude-response-body break-words whitespace-normal leading-[1.7]\">The Estonian Broadcasting Association (EBA) offers airtime on its member radio stations for campaigns of national and social importance. Organizing a campaign through the EBA provides simultaneous access to the audiences of more than 30 radio stations and saves significant organizational time, as you only need to communicate with a single partner.<\/p><p class=\"font-claude-response-body break-words whitespace-normal leading-[1.7]\"><strong>WHAT DO WE OFFER?<\/strong><\/p><p class=\"font-claude-response-body break-words whitespace-pre-wrap leading-[1.7]\">The package includes a total of 855 clip broadcasts. One campaign package includes broadcasting a 20\u201335 second clip 60 times on FM stations per broadcasting organization (i.e., if one broadcasting organization has multiple stations, the volume is distributed across stations according to the client&#8217;s wishes or the suitability of the message content), and as a new feature, 15 times on each DAB+ station. Multiple packages may be used within a single campaign.<\/p><p class=\"font-claude-response-body break-words whitespace-normal leading-[1.7]\"><strong>CAMPAIGN COST<\/strong><\/p><p class=\"font-claude-response-body break-words whitespace-normal leading-[1.7]\">The campaign price is \u20ac3,900 + VAT per package.<\/p><p class=\"font-claude-response-body break-words whitespace-normal leading-[1.7]\"><strong>PARTNERS<\/strong><\/p><p class=\"font-claude-response-body break-words whitespace-normal leading-[1.7]\">The EBA has positive experience from this type of cooperation with the Transport Administration, Rescue Board, Ministry of Social Affairs, Ministry of the Interior, Integration Foundation, Operation Lifesaver Estonia, AHHAA Science Centre, and other partners.<\/p><p class=\"font-claude-response-body break-words whitespace-normal leading-[1.7]\">The contact person for campaigns is Reelika Roosim\u00e4gi \u2013 <a class=\"underline underline underline-offset-2 decoration-1 decoration-current\/40 hover:decoration-current focus:decoration-current\" href=\"mailto:reelika.roosimagi@sky.ee\">reelika.roosimagi@sky.ee<\/a><\/p><\/div><\/div><\/div>\t\t\t\t\t\t\t\t<\/div>\n\t\t\t\t<\/div>\n\t\t\t\t\t<\/div>\n\t\t<\/div>\n\t\t\t\t\t<\/div>\n\t\t<\/section>\n\t\t\t\t<\/div>\n\t\t","protected":false},"excerpt":{"rendered":"<p>Social campaigns 518 000 Estonian-speaking &amp; 157 000 foreign language weekly listeners 19 FM stations, 13 DAB+ stations Audio clip played 855 times SOCIAL CAMPAIGN The Estonian Broadcasting Association (EBA) offers airtime on its member radio stations for campaigns of national and social importance. Organizing a campaign through the EBA provides simultaneous access to the [&hellip;]<\/p>\n","protected":false},"author":2,"featured_media":0,"parent":0,"menu_order":0,"comment_status":"closed","ping_status":"closed","template":"elementor_header_footer","meta":{"footnotes":""},"class_list":["post-1338","page","type-page","status-publish","hentry"],"yoast_head":"<!-- This site is optimized with the Yoast SEO plugin v27.4 - https:\/\/yoast.com\/product\/yoast-seo-wordpress\/ -->\n<title>Social campaign | Eesti Ringh&auml;&auml;lingute Liit<\/title>\n<meta name=\"description\" content=\"Eesti Ringh\u00e4\u00e4lingute Liit (ERL) on valitsusv\u00e4line mittetulundus\u00fching, mis edendab rahvuslikku ringh\u00e4\u00e4lingukultuuri ning esindab raadio- ja televisiooniorganisatsioonide huve. ERL tunnustab rahvuslikke ringh\u00e4\u00e4lingukultuuri edendajaid iga-aastase kuldmikrofoni v\u00e4ljaandmisega.\" \/>\n<meta name=\"robots\" content=\"index, follow, max-snippet:-1, max-image-preview:large, max-video-preview:-1\" \/>\n<link rel=\"canonical\" href=\"https:\/\/ringhaaling.ee\/sotsiaalkampaania\/\" \/>\n<meta property=\"og:locale\" content=\"en_US\" \/>\n<meta property=\"og:type\" content=\"article\" \/>\n<meta property=\"og:title\" content=\"Social campaign | Eesti Ringh&auml;&auml;lingute Liit\" \/>\n<meta property=\"og:description\" content=\"Eesti Ringh\u00e4\u00e4lingute Liit (ERL) on valitsusv\u00e4line mittetulundus\u00fching, mis edendab rahvuslikku ringh\u00e4\u00e4lingukultuuri ning esindab raadio- ja televisiooniorganisatsioonide huve. ERL tunnustab rahvuslikke ringh\u00e4\u00e4lingukultuuri edendajaid iga-aastase kuldmikrofoni v\u00e4ljaandmisega.\" \/>\n<meta property=\"og:url\" content=\"https:\/\/ringhaaling.ee\/sotsiaalkampaania\/\" \/>\n<meta property=\"og:site_name\" content=\"Eesti Ringh&auml;&auml;lingute Liit\" \/>\n<meta property=\"article:modified_time\" content=\"2026-04-08T10:37:57+00:00\" \/>\n<meta property=\"og:image\" content=\"https:\/\/ringhaaling.ee\/wp-content\/uploads\/2022\/07\/Users.png\" \/>\n\t<meta property=\"og:image:width\" content=\"59\" \/>\n\t<meta property=\"og:image:height\" content=\"49\" \/>\n\t<meta property=\"og:image:type\" content=\"image\/png\" \/>\n<meta name=\"twitter:card\" content=\"summary_large_image\" \/>\n<meta name=\"twitter:label1\" content=\"Est. reading time\" \/>\n\t<meta name=\"twitter:data1\" content=\"2 minutes\" \/>\n<script type=\"application\/ld+json\" class=\"yoast-schema-graph\">{\"@context\":\"https:\\\/\\\/schema.org\",\"@graph\":[{\"@type\":\"WebPage\",\"@id\":\"https:\\\/\\\/ringhaaling.ee\\\/sotsiaalkampaania\\\/\",\"url\":\"https:\\\/\\\/ringhaaling.ee\\\/sotsiaalkampaania\\\/\",\"name\":\"Social campaign | Eesti Ringh&auml;&auml;lingute Liit\",\"isPartOf\":{\"@id\":\"https:\\\/\\\/ringhaaling.ee\\\/#website\"},\"primaryImageOfPage\":{\"@id\":\"https:\\\/\\\/ringhaaling.ee\\\/sotsiaalkampaania\\\/#primaryimage\"},\"image\":{\"@id\":\"https:\\\/\\\/ringhaaling.ee\\\/sotsiaalkampaania\\\/#primaryimage\"},\"thumbnailUrl\":\"https:\\\/\\\/ringhaaling.ee\\\/wp-content\\\/uploads\\\/2022\\\/07\\\/Users.png\",\"datePublished\":\"2022-07-24T12:15:44+00:00\",\"dateModified\":\"2026-04-08T10:37:57+00:00\",\"description\":\"Eesti Ringh\u00e4\u00e4lingute Liit (ERL) on valitsusv\u00e4line mittetulundus\u00fching, mis edendab rahvuslikku ringh\u00e4\u00e4lingukultuuri ning esindab raadio- ja televisiooniorganisatsioonide huve. ERL tunnustab rahvuslikke ringh\u00e4\u00e4lingukultuuri edendajaid iga-aastase kuldmikrofoni v\u00e4ljaandmisega.\",\"breadcrumb\":{\"@id\":\"https:\\\/\\\/ringhaaling.ee\\\/sotsiaalkampaania\\\/#breadcrumb\"},\"inLanguage\":\"en-US\",\"potentialAction\":[{\"@type\":\"ReadAction\",\"target\":[\"https:\\\/\\\/ringhaaling.ee\\\/sotsiaalkampaania\\\/\"]}]},{\"@type\":\"ImageObject\",\"inLanguage\":\"en-US\",\"@id\":\"https:\\\/\\\/ringhaaling.ee\\\/sotsiaalkampaania\\\/#primaryimage\",\"url\":\"https:\\\/\\\/ringhaaling.ee\\\/wp-content\\\/uploads\\\/2022\\\/07\\\/Users.png\",\"contentUrl\":\"https:\\\/\\\/ringhaaling.ee\\\/wp-content\\\/uploads\\\/2022\\\/07\\\/Users.png\"},{\"@type\":\"BreadcrumbList\",\"@id\":\"https:\\\/\\\/ringhaaling.ee\\\/sotsiaalkampaania\\\/#breadcrumb\",\"itemListElement\":[{\"@type\":\"ListItem\",\"position\":1,\"name\":\"Home\",\"item\":\"https:\\\/\\\/ringhaaling.ee\\\/\"},{\"@type\":\"ListItem\",\"position\":2,\"name\":\"Social campaign\"}]},{\"@type\":\"WebSite\",\"@id\":\"https:\\\/\\\/ringhaaling.ee\\\/#website\",\"url\":\"https:\\\/\\\/ringhaaling.ee\\\/\",\"name\":\"Eesti Ringh&auml;&auml;lingute Liit\",\"description\":\"Rahvuslikku ringh&auml;&auml;lingukultuuri edendaja\",\"publisher\":{\"@id\":\"https:\\\/\\\/ringhaaling.ee\\\/#organization\"},\"potentialAction\":[{\"@type\":\"SearchAction\",\"target\":{\"@type\":\"EntryPoint\",\"urlTemplate\":\"https:\\\/\\\/ringhaaling.ee\\\/?s={search_term_string}\"},\"query-input\":{\"@type\":\"PropertyValueSpecification\",\"valueRequired\":true,\"valueName\":\"search_term_string\"}}],\"inLanguage\":\"en-US\"},{\"@type\":\"Organization\",\"@id\":\"https:\\\/\\\/ringhaaling.ee\\\/#organization\",\"name\":\"Eesti Ringh&auml;&auml;lingute Liit\",\"url\":\"https:\\\/\\\/ringhaaling.ee\\\/\",\"logo\":{\"@type\":\"ImageObject\",\"inLanguage\":\"en-US\",\"@id\":\"https:\\\/\\\/ringhaaling.ee\\\/#\\\/schema\\\/logo\\\/image\\\/\",\"url\":\"https:\\\/\\\/ringhaaling.ee\\\/wp-content\\\/uploads\\\/2022\\\/07\\\/ERL_Valge.svg\",\"contentUrl\":\"https:\\\/\\\/ringhaaling.ee\\\/wp-content\\\/uploads\\\/2022\\\/07\\\/ERL_Valge.svg\",\"width\":769,\"height\":238,\"caption\":\"Eesti Ringh&auml;&auml;lingute Liit\"},\"image\":{\"@id\":\"https:\\\/\\\/ringhaaling.ee\\\/#\\\/schema\\\/logo\\\/image\\\/\"}}]}<\/script>\n<!-- \/ Yoast SEO plugin. -->","yoast_head_json":{"title":"Social campaign | Eesti Ringh&auml;&auml;lingute Liit","description":"Eesti Ringh\u00e4\u00e4lingute Liit (ERL) on valitsusv\u00e4line mittetulundus\u00fching, mis edendab rahvuslikku ringh\u00e4\u00e4lingukultuuri ning esindab raadio- ja televisiooniorganisatsioonide huve. ERL tunnustab rahvuslikke ringh\u00e4\u00e4lingukultuuri edendajaid iga-aastase kuldmikrofoni v\u00e4ljaandmisega.","robots":{"index":"index","follow":"follow","max-snippet":"max-snippet:-1","max-image-preview":"max-image-preview:large","max-video-preview":"max-video-preview:-1"},"canonical":"https:\/\/ringhaaling.ee\/sotsiaalkampaania\/","og_locale":"en_US","og_type":"article","og_title":"Social campaign | Eesti Ringh&auml;&auml;lingute Liit","og_description":"Eesti Ringh\u00e4\u00e4lingute Liit (ERL) on valitsusv\u00e4line mittetulundus\u00fching, mis edendab rahvuslikku ringh\u00e4\u00e4lingukultuuri ning esindab raadio- ja televisiooniorganisatsioonide huve. ERL tunnustab rahvuslikke ringh\u00e4\u00e4lingukultuuri edendajaid iga-aastase kuldmikrofoni v\u00e4ljaandmisega.","og_url":"https:\/\/ringhaaling.ee\/sotsiaalkampaania\/","og_site_name":"Eesti Ringh&auml;&auml;lingute Liit","article_modified_time":"2026-04-08T10:37:57+00:00","og_image":[{"width":59,"height":49,"url":"https:\/\/ringhaaling.ee\/wp-content\/uploads\/2022\/07\/Users.png","type":"image\/png"}],"twitter_card":"summary_large_image","twitter_misc":{"Est. reading time":"2 minutes"},"schema":{"@context":"https:\/\/schema.org","@graph":[{"@type":"WebPage","@id":"https:\/\/ringhaaling.ee\/sotsiaalkampaania\/","url":"https:\/\/ringhaaling.ee\/sotsiaalkampaania\/","name":"Social campaign | Eesti Ringh&auml;&auml;lingute Liit","isPartOf":{"@id":"https:\/\/ringhaaling.ee\/#website"},"primaryImageOfPage":{"@id":"https:\/\/ringhaaling.ee\/sotsiaalkampaania\/#primaryimage"},"image":{"@id":"https:\/\/ringhaaling.ee\/sotsiaalkampaania\/#primaryimage"},"thumbnailUrl":"https:\/\/ringhaaling.ee\/wp-content\/uploads\/2022\/07\/Users.png","datePublished":"2022-07-24T12:15:44+00:00","dateModified":"2026-04-08T10:37:57+00:00","description":"Eesti Ringh\u00e4\u00e4lingute Liit (ERL) on valitsusv\u00e4line mittetulundus\u00fching, mis edendab rahvuslikku ringh\u00e4\u00e4lingukultuuri ning esindab raadio- ja televisiooniorganisatsioonide huve. ERL tunnustab rahvuslikke ringh\u00e4\u00e4lingukultuuri edendajaid iga-aastase kuldmikrofoni v\u00e4ljaandmisega.","breadcrumb":{"@id":"https:\/\/ringhaaling.ee\/sotsiaalkampaania\/#breadcrumb"},"inLanguage":"en-US","potentialAction":[{"@type":"ReadAction","target":["https:\/\/ringhaaling.ee\/sotsiaalkampaania\/"]}]},{"@type":"ImageObject","inLanguage":"en-US","@id":"https:\/\/ringhaaling.ee\/sotsiaalkampaania\/#primaryimage","url":"https:\/\/ringhaaling.ee\/wp-content\/uploads\/2022\/07\/Users.png","contentUrl":"https:\/\/ringhaaling.ee\/wp-content\/uploads\/2022\/07\/Users.png"},{"@type":"BreadcrumbList","@id":"https:\/\/ringhaaling.ee\/sotsiaalkampaania\/#breadcrumb","itemListElement":[{"@type":"ListItem","position":1,"name":"Home","item":"https:\/\/ringhaaling.ee\/"},{"@type":"ListItem","position":2,"name":"Social campaign"}]},{"@type":"WebSite","@id":"https:\/\/ringhaaling.ee\/#website","url":"https:\/\/ringhaaling.ee\/","name":"Eesti Ringh&auml;&auml;lingute Liit","description":"Rahvuslikku ringh&auml;&auml;lingukultuuri edendaja","publisher":{"@id":"https:\/\/ringhaaling.ee\/#organization"},"potentialAction":[{"@type":"SearchAction","target":{"@type":"EntryPoint","urlTemplate":"https:\/\/ringhaaling.ee\/?s={search_term_string}"},"query-input":{"@type":"PropertyValueSpecification","valueRequired":true,"valueName":"search_term_string"}}],"inLanguage":"en-US"},{"@type":"Organization","@id":"https:\/\/ringhaaling.ee\/#organization","name":"Eesti Ringh&auml;&auml;lingute Liit","url":"https:\/\/ringhaaling.ee\/","logo":{"@type":"ImageObject","inLanguage":"en-US","@id":"https:\/\/ringhaaling.ee\/#\/schema\/logo\/image\/","url":"https:\/\/ringhaaling.ee\/wp-content\/uploads\/2022\/07\/ERL_Valge.svg","contentUrl":"https:\/\/ringhaaling.ee\/wp-content\/uploads\/2022\/07\/ERL_Valge.svg","width":769,"height":238,"caption":"Eesti Ringh&auml;&auml;lingute Liit"},"image":{"@id":"https:\/\/ringhaaling.ee\/#\/schema\/logo\/image\/"}}]}},"_links":{"self":[{"href":"https:\/\/ringhaaling.ee\/en\/wp-json\/wp\/v2\/pages\/1338","targetHints":{"allow":["GET"]}}],"collection":[{"href":"https:\/\/ringhaaling.ee\/en\/wp-json\/wp\/v2\/pages"}],"about":[{"href":"https:\/\/ringhaaling.ee\/en\/wp-json\/wp\/v2\/types\/page"}],"author":[{"embeddable":true,"href":"https:\/\/ringhaaling.ee\/en\/wp-json\/wp\/v2\/users\/2"}],"replies":[{"embeddable":true,"href":"https:\/\/ringhaaling.ee\/en\/wp-json\/wp\/v2\/comments?post=1338"}],"version-history":[{"count":22,"href":"https:\/\/ringhaaling.ee\/en\/wp-json\/wp\/v2\/pages\/1338\/revisions"}],"predecessor-version":[{"id":2765,"href":"https:\/\/ringhaaling.ee\/en\/wp-json\/wp\/v2\/pages\/1338\/revisions\/2765"}],"wp:attachment":[{"href":"https:\/\/ringhaaling.ee\/en\/wp-json\/wp\/v2\/media?parent=1338"}],"curies":[{"name":"wp","href":"https:\/\/api.w.org\/{rel}","templated":true}]}}