{"id":1333,"date":"2022-07-24T15:15:44","date_gmt":"2022-07-24T12:15:44","guid":{"rendered":"https:\/\/ringhaaling.ee\/home\/"},"modified":"2026-02-22T13:40:02","modified_gmt":"2026-02-22T10:40:02","slug":"home","status":"publish","type":"page","link":"https:\/\/ringhaaling.ee\/en\/","title":{"rendered":"Home"},"content":{"rendered":"\t\t<div data-elementor-type=\"wp-page\" data-elementor-id=\"1333\" class=\"elementor elementor-1333 elementor-17\" data-elementor-post-type=\"page\">\n\t\t\t\t\t\t<section class=\"elementor-section elementor-top-section elementor-element elementor-element-bddf542 elementor-section-boxed elementor-section-height-default elementor-section-height-default\" data-id=\"bddf542\" data-element_type=\"section\" data-e-type=\"section\" data-settings=\"{&quot;background_background&quot;:&quot;classic&quot;}\">\n\t\t\t\t\t\t<div class=\"elementor-container elementor-column-gap-no\">\n\t\t\t\t\t<div class=\"elementor-column elementor-col-50 elementor-top-column elementor-element elementor-element-4a65c11\" data-id=\"4a65c11\" data-element_type=\"column\" data-e-type=\"column\">\n\t\t\t<div class=\"elementor-widget-wrap elementor-element-populated\">\n\t\t\t\t\t\t<div class=\"elementor-element elementor-element-1416282 elementor-hidden-desktop elementor-hidden-tablet elementor-widget elementor-widget-image\" data-id=\"1416282\" data-element_type=\"widget\" data-e-type=\"widget\" data-widget_type=\"image.default\">\n\t\t\t\t<div class=\"elementor-widget-container\">\n\t\t\t\t\t\t\t\t\t\t\t\t\t\t\t<img fetchpriority=\"high\" decoding=\"async\" width=\"607\" height=\"618\" src=\"https:\/\/ringhaaling.ee\/wp-content\/uploads\/2022\/07\/Mikker-Wave.png\" class=\"attachment-large size-large wp-image-1208\" alt=\"\" srcset=\"https:\/\/ringhaaling.ee\/wp-content\/uploads\/2022\/07\/Mikker-Wave.png 607w, https:\/\/ringhaaling.ee\/wp-content\/uploads\/2022\/07\/Mikker-Wave-295x300.png 295w\" sizes=\"(max-width: 607px) 100vw, 607px\" \/>\t\t\t\t\t\t\t\t\t\t\t\t\t\t\t<\/div>\n\t\t\t\t<\/div>\n\t\t\t\t<div class=\"elementor-element elementor-element-f282500 elementor-widget elementor-widget-heading\" data-id=\"f282500\" data-element_type=\"widget\" data-e-type=\"widget\" data-widget_type=\"heading.default\">\n\t\t\t\t<div class=\"elementor-widget-container\">\n\t\t\t\t\t<h1 class=\"elementor-heading-title elementor-size-default\">Association<\/h1>\t\t\t\t<\/div>\n\t\t\t\t<\/div>\n\t\t\t\t<div class=\"elementor-element elementor-element-ecd58ce elementor-widget elementor-widget-heading\" data-id=\"ecd58ce\" data-element_type=\"widget\" data-e-type=\"widget\" data-widget_type=\"heading.default\">\n\t\t\t\t<div class=\"elementor-widget-container\">\n\t\t\t\t\t<h1 class=\"elementor-heading-title elementor-size-default\">of Estonian Broadcasters<\/h1>\t\t\t\t<\/div>\n\t\t\t\t<\/div>\n\t\t\t\t<div class=\"elementor-element elementor-element-1649706 elementor-widget-divider--view-line elementor-widget elementor-widget-divider\" data-id=\"1649706\" data-element_type=\"widget\" data-e-type=\"widget\" data-widget_type=\"divider.default\">\n\t\t\t\t<div class=\"elementor-widget-container\">\n\t\t\t\t\t\t\t<div class=\"elementor-divider\">\n\t\t\t<span class=\"elementor-divider-separator\">\n\t\t\t\t\t\t<\/span>\n\t\t<\/div>\n\t\t\t\t\t\t<\/div>\n\t\t\t\t<\/div>\n\t\t\t\t<div class=\"elementor-element elementor-element-28fb718 elementor-widget elementor-widget-text-editor\" data-id=\"28fb718\" data-element_type=\"widget\" data-e-type=\"widget\" data-widget_type=\"text-editor.default\">\n\t\t\t\t<div class=\"elementor-widget-container\">\n\t\t\t\t\t\t\t\t\t<p>The Association of Estonian Broadcasters (AEB) is a non-governmental non-profit association which promotes the national broadcasting culture and represents the interests of radio and TV broadcasters.<\/p>\n\t\t\t\t\t\t\t\t<\/div>\n\t\t\t\t<\/div>\n\t\t\t\t<section class=\"elementor-section elementor-inner-section elementor-element elementor-element-bbd725a elementor-section-boxed elementor-section-height-default elementor-section-height-default\" data-id=\"bbd725a\" data-element_type=\"section\" data-e-type=\"section\">\n\t\t\t\t\t\t<div class=\"elementor-container elementor-column-gap-default\">\n\t\t\t\t\t<div class=\"elementor-column elementor-col-50 elementor-inner-column elementor-element elementor-element-f56cbd1\" data-id=\"f56cbd1\" data-element_type=\"column\" data-e-type=\"column\">\n\t\t\t<div class=\"elementor-widget-wrap elementor-element-populated\">\n\t\t\t\t\t\t<div class=\"elementor-element elementor-element-53473b6 elementor-align-start elementor-icon-list--layout-traditional elementor-list-item-link-full_width elementor-widget elementor-widget-icon-list\" data-id=\"53473b6\" data-element_type=\"widget\" data-e-type=\"widget\" data-widget_type=\"icon-list.default\">\n\t\t\t\t<div class=\"elementor-widget-container\">\n\t\t\t\t\t\t\t<ul class=\"elementor-icon-list-items\">\n\t\t\t\t\t\t\t<li class=\"elementor-icon-list-item\">\n\t\t\t\t\t\t\t\t\t\t\t<a href=\"https:\/\/ringhaaling.ee\/en\/golden-microphone\/\">\n\n\t\t\t\t\t\t\t\t\t\t\t\t<span class=\"elementor-icon-list-icon\">\n\t\t\t\t\t\t\t<svg xmlns=\"http:\/\/www.w3.org\/2000\/svg\" width=\"16\" height=\"25\" viewBox=\"0 0 16 25\" fill=\"none\"><path d=\"M9.02051 24.118V17.629C9.02051 17.0878 8.58168 16.649 8.04045 16.649C7.49922 16.649 7.06039 17.0877 7.06039 17.629V24.118H9.02051Z\" fill=\"#333E48\"><\/path><path d=\"M2.35623 12.4676C2.35623 15.6068 4.90113 18.1517 8.04042 18.1517C11.1797 18.1517 13.7246 15.6068 13.7246 12.4676V5.68419C13.7246 2.5449 11.1797 0 8.04042 0C4.90113 0 2.35623 2.5449 2.35623 5.68412V12.4676Z\" fill=\"white\"><\/path><path opacity=\"0.1\" d=\"M3.51513 2.24466L13.7246 12.4541V12.4676C13.7246 14.9566 12.1246 17.0717 9.89716 17.8412L2.35623 10.3004V5.68412C2.35623 4.39134 2.78812 3.19961 3.51513 2.24466Z\" fill=\"white\"><\/path><path d=\"M11.2781 8.49792H13.7246V9.65381H11.2781C10.9589 9.65381 10.7002 9.39501 10.7002 9.07583C10.7002 8.75672 10.9589 8.49792 11.2781 8.49792ZM10.7002 6.2708C10.7002 5.95169 10.9589 5.69296 11.2781 5.69296H13.7246V6.84878H11.2781C10.9589 6.84871 10.7002 6.58998 10.7002 6.2708ZM11.2781 11.303H13.7246V12.4588H11.2781C10.9589 12.4588 10.7002 12.2 10.7002 11.8809C10.7002 11.5617 10.9589 11.303 11.2781 11.303Z\" fill=\"#333E48\"><\/path><path d=\"M5.38086 9.07581C5.38086 9.39499 5.12213 9.65379 4.80295 9.65379H2.35645V8.4979H4.80295C5.12213 8.4979 5.38086 8.7567 5.38086 9.07581ZM4.80295 6.84869H2.35645V5.69287H4.80295C5.12213 5.69287 5.38086 5.9516 5.38086 6.27071C5.38086 6.58996 5.12213 6.84869 4.80295 6.84869ZM5.38086 11.8808C5.38086 12.2 5.12213 12.4587 4.80295 12.4587H2.35645V11.303H4.80295C5.12213 11.303 5.38086 11.5617 5.38086 11.8808Z\" fill=\"#333E48\"><\/path><path d=\"M8.04058 20.4182C12.4295 20.4182 16 16.8476 16 12.4588C16 12.0619 15.6782 11.7401 15.2813 11.7401C14.8844 11.7401 14.5627 12.0619 14.5627 12.4588C14.5627 16.055 11.6369 18.9808 8.04058 18.9808C4.44429 18.9808 1.51849 16.055 1.51849 12.4588C1.51849 12.0619 1.19671 11.7401 0.799824 11.7401C0.402932 11.7401 0.0811548 12.0619 0.0811548 12.4588C0.0811548 16.8476 3.6517 20.4182 8.04058 20.4182Z\" fill=\"#1E252B\"><\/path><path d=\"M3.45357 25C3.45357 24.0257 4.24335 23.236 5.21752 23.236H10.8635C11.8377 23.236 12.6274 24.0257 12.6274 25H3.45357Z\" fill=\"#1E252B\"><\/path><\/svg>\t\t\t\t\t\t<\/span>\n\t\t\t\t\t\t\t\t\t\t<span class=\"elementor-icon-list-text\">Golden Microphone<\/span>\n\t\t\t\t\t\t\t\t\t\t\t<\/a>\n\t\t\t\t\t\t\t\t\t<\/li>\n\t\t\t\t\t\t<\/ul>\n\t\t\t\t\t\t<\/div>\n\t\t\t\t<\/div>\n\t\t\t\t<div class=\"elementor-element elementor-element-4c2bb06 elementor-widget elementor-widget-image\" data-id=\"4c2bb06\" data-element_type=\"widget\" data-e-type=\"widget\" data-widget_type=\"image.default\">\n\t\t\t\t<div class=\"elementor-widget-container\">\n\t\t\t\t\t\t\t\t\t\t\t\t\t\t\t<img decoding=\"async\" width=\"800\" height=\"562\" src=\"https:\/\/ringhaaling.ee\/wp-content\/uploads\/2026\/02\/Ringhaaling100_logo_hele-1024x719.png\" class=\"attachment-large size-large wp-image-2634\" alt=\"\" srcset=\"https:\/\/ringhaaling.ee\/wp-content\/uploads\/2026\/02\/Ringhaaling100_logo_hele-1024x719.png 1024w, https:\/\/ringhaaling.ee\/wp-content\/uploads\/2026\/02\/Ringhaaling100_logo_hele-300x211.png 300w, https:\/\/ringhaaling.ee\/wp-content\/uploads\/2026\/02\/Ringhaaling100_logo_hele-768x539.png 768w, https:\/\/ringhaaling.ee\/wp-content\/uploads\/2026\/02\/Ringhaaling100_logo_hele.png 1194w\" sizes=\"(max-width: 800px) 100vw, 800px\" \/>\t\t\t\t\t\t\t\t\t\t\t\t\t\t\t<\/div>\n\t\t\t\t<\/div>\n\t\t\t\t\t<\/div>\n\t\t<\/div>\n\t\t\t\t<div class=\"elementor-column elementor-col-50 elementor-inner-column elementor-element elementor-element-74a2ac7\" data-id=\"74a2ac7\" data-element_type=\"column\" data-e-type=\"column\">\n\t\t\t<div class=\"elementor-widget-wrap elementor-element-populated\">\n\t\t\t\t\t\t<div class=\"elementor-element elementor-element-8d765e5 elementor-align-start elementor-icon-list--layout-traditional elementor-list-item-link-full_width elementor-widget elementor-widget-icon-list\" data-id=\"8d765e5\" data-element_type=\"widget\" data-e-type=\"widget\" data-widget_type=\"icon-list.default\">\n\t\t\t\t<div class=\"elementor-widget-container\">\n\t\t\t\t\t\t\t<ul class=\"elementor-icon-list-items\">\n\t\t\t\t\t\t\t<li class=\"elementor-icon-list-item\">\n\t\t\t\t\t\t\t\t\t\t\t<a href=\"https:\/\/ringhaaling.ee\/en\/news\/\">\n\n\t\t\t\t\t\t\t\t\t\t\t<span class=\"elementor-icon-list-text\">News<\/span>\n\t\t\t\t\t\t\t\t\t\t\t<\/a>\n\t\t\t\t\t\t\t\t\t<\/li>\n\t\t\t\t\t\t<\/ul>\n\t\t\t\t\t\t<\/div>\n\t\t\t\t<\/div>\n\t\t\t\t\t<\/div>\n\t\t<\/div>\n\t\t\t\t\t<\/div>\n\t\t<\/section>\n\t\t\t\t\t<\/div>\n\t\t<\/div>\n\t\t\t\t<div class=\"elementor-column elementor-col-50 elementor-top-column elementor-element elementor-element-facade1\" data-id=\"facade1\" data-element_type=\"column\" data-e-type=\"column\">\n\t\t\t<div class=\"elementor-widget-wrap elementor-element-populated\">\n\t\t\t\t\t\t<div class=\"elementor-element elementor-element-41e98f9 elementor-hidden-mobile elementor-widget elementor-widget-image\" data-id=\"41e98f9\" data-element_type=\"widget\" data-e-type=\"widget\" data-widget_type=\"image.default\">\n\t\t\t\t<div class=\"elementor-widget-container\">\n\t\t\t\t\t\t\t\t\t\t\t\t\t\t\t<img fetchpriority=\"high\" decoding=\"async\" width=\"607\" height=\"618\" src=\"https:\/\/ringhaaling.ee\/wp-content\/uploads\/2022\/07\/Mikker-Wave.png\" class=\"attachment-large size-large wp-image-1208\" alt=\"\" srcset=\"https:\/\/ringhaaling.ee\/wp-content\/uploads\/2022\/07\/Mikker-Wave.png 607w, https:\/\/ringhaaling.ee\/wp-content\/uploads\/2022\/07\/Mikker-Wave-295x300.png 295w\" sizes=\"(max-width: 607px) 100vw, 607px\" \/>\t\t\t\t\t\t\t\t\t\t\t\t\t\t\t<\/div>\n\t\t\t\t<\/div>\n\t\t\t\t\t<\/div>\n\t\t<\/div>\n\t\t\t\t\t<\/div>\n\t\t<\/section>\n\t\t\t\t<section class=\"elementor-section elementor-top-section elementor-element elementor-element-26eae91 elementor-section-boxed elementor-section-height-default elementor-section-height-default\" data-id=\"26eae91\" data-element_type=\"section\" data-e-type=\"section\" data-settings=\"{&quot;background_background&quot;:&quot;classic&quot;}\">\n\t\t\t\t\t\t<div class=\"elementor-container elementor-column-gap-no\">\n\t\t\t\t\t<div class=\"elementor-column elementor-col-100 elementor-top-column elementor-element elementor-element-503e415\" data-id=\"503e415\" data-element_type=\"column\" data-e-type=\"column\">\n\t\t\t<div class=\"elementor-widget-wrap\">\n\t\t\t\t\t\t\t<\/div>\n\t\t<\/div>\n\t\t\t\t\t<\/div>\n\t\t<\/section>\n\t\t\t\t<\/div>\n\t\t","protected":false},"excerpt":{"rendered":"<p>Association of Estonian Broadcasters The Association of Estonian Broadcasters (AEB) is a non-governmental non-profit association which promotes the national broadcasting culture and represents the interests of radio and TV broadcasters. Golden Microphone News<\/p>\n","protected":false},"author":2,"featured_media":0,"parent":0,"menu_order":0,"comment_status":"closed","ping_status":"closed","template":"elementor_header_footer","meta":{"footnotes":""},"class_list":["post-1333","page","type-page","status-publish","hentry"],"yoast_head":"<!-- This site is optimized with the Yoast SEO plugin v27.4 - https:\/\/yoast.com\/product\/yoast-seo-wordpress\/ -->\n<title>Eesti Ringh&auml;&auml;lingute Liit<\/title>\n<meta name=\"description\" content=\"Eesti Ringh\u00e4\u00e4lingute Liit (ERL) on valitsusv\u00e4line mittetulundus\u00fching, mis edendab rahvuslikku ringh\u00e4\u00e4lingukultuuri ning esindab raadio- ja televisiooniorganisatsioonide huve. ERL tunnustab rahvuslikke ringh\u00e4\u00e4lingukultuuri edendajaid iga-aastase kuldmikrofoni v\u00e4ljaandmisega.\" \/>\n<meta name=\"robots\" content=\"index, follow, max-snippet:-1, max-image-preview:large, max-video-preview:-1\" \/>\n<link rel=\"canonical\" href=\"https:\/\/ringhaaling.ee\/\" \/>\n<meta property=\"og:locale\" content=\"en_US\" \/>\n<meta property=\"og:type\" content=\"article\" \/>\n<meta property=\"og:title\" content=\"Eesti Ringh&auml;&auml;lingute Liit\" \/>\n<meta property=\"og:description\" content=\"Eesti Ringh\u00e4\u00e4lingute Liit (ERL) on valitsusv\u00e4line mittetulundus\u00fching, mis edendab rahvuslikku ringh\u00e4\u00e4lingukultuuri ning esindab raadio- ja televisiooniorganisatsioonide huve. ERL tunnustab rahvuslikke ringh\u00e4\u00e4lingukultuuri edendajaid iga-aastase kuldmikrofoni v\u00e4ljaandmisega.\" \/>\n<meta property=\"og:url\" content=\"https:\/\/ringhaaling.ee\/\" \/>\n<meta property=\"og:site_name\" content=\"Eesti Ringh&auml;&auml;lingute Liit\" \/>\n<meta property=\"article:modified_time\" content=\"2026-02-22T10:40:02+00:00\" \/>\n<meta property=\"og:image\" content=\"https:\/\/ringhaaling.ee\/wp-content\/uploads\/2022\/07\/Mikker-Wave.png\" \/>\n\t<meta property=\"og:image:width\" content=\"607\" \/>\n\t<meta property=\"og:image:height\" content=\"618\" \/>\n\t<meta property=\"og:image:type\" content=\"image\/png\" \/>\n<meta name=\"twitter:card\" content=\"summary_large_image\" \/>\n<meta name=\"twitter:label1\" content=\"Est. reading time\" \/>\n\t<meta name=\"twitter:data1\" content=\"1 minute\" \/>\n<script type=\"application\/ld+json\" class=\"yoast-schema-graph\">{\"@context\":\"https:\\\/\\\/schema.org\",\"@graph\":[{\"@type\":\"WebPage\",\"@id\":\"https:\\\/\\\/ringhaaling.ee\\\/\",\"url\":\"https:\\\/\\\/ringhaaling.ee\\\/\",\"name\":\"Eesti Ringh&auml;&auml;lingute Liit\",\"isPartOf\":{\"@id\":\"https:\\\/\\\/ringhaaling.ee\\\/#website\"},\"primaryImageOfPage\":{\"@id\":\"https:\\\/\\\/ringhaaling.ee\\\/#primaryimage\"},\"image\":{\"@id\":\"https:\\\/\\\/ringhaaling.ee\\\/#primaryimage\"},\"thumbnailUrl\":\"https:\\\/\\\/ringhaaling.ee\\\/wp-content\\\/uploads\\\/2022\\\/07\\\/Mikker-Wave.png\",\"datePublished\":\"2022-07-24T12:15:44+00:00\",\"dateModified\":\"2026-02-22T10:40:02+00:00\",\"description\":\"Eesti Ringh\u00e4\u00e4lingute Liit (ERL) on valitsusv\u00e4line mittetulundus\u00fching, mis edendab rahvuslikku ringh\u00e4\u00e4lingukultuuri ning esindab raadio- ja televisiooniorganisatsioonide huve. ERL tunnustab rahvuslikke ringh\u00e4\u00e4lingukultuuri edendajaid iga-aastase kuldmikrofoni v\u00e4ljaandmisega.\",\"breadcrumb\":{\"@id\":\"https:\\\/\\\/ringhaaling.ee\\\/#breadcrumb\"},\"inLanguage\":\"en-US\",\"potentialAction\":[{\"@type\":\"ReadAction\",\"target\":[\"https:\\\/\\\/ringhaaling.ee\\\/\"]}]},{\"@type\":\"ImageObject\",\"inLanguage\":\"en-US\",\"@id\":\"https:\\\/\\\/ringhaaling.ee\\\/#primaryimage\",\"url\":\"https:\\\/\\\/ringhaaling.ee\\\/wp-content\\\/uploads\\\/2022\\\/07\\\/Mikker-Wave.png\",\"contentUrl\":\"https:\\\/\\\/ringhaaling.ee\\\/wp-content\\\/uploads\\\/2022\\\/07\\\/Mikker-Wave.png\"},{\"@type\":\"BreadcrumbList\",\"@id\":\"https:\\\/\\\/ringhaaling.ee\\\/#breadcrumb\",\"itemListElement\":[{\"@type\":\"ListItem\",\"position\":1,\"name\":\"Home\",\"item\":\"https:\\\/\\\/ringhaaling.ee\\\/\"},{\"@type\":\"ListItem\",\"position\":2,\"name\":\"Home\"}]},{\"@type\":\"WebSite\",\"@id\":\"https:\\\/\\\/ringhaaling.ee\\\/#website\",\"url\":\"https:\\\/\\\/ringhaaling.ee\\\/\",\"name\":\"Eesti Ringh&auml;&auml;lingute Liit\",\"description\":\"Rahvuslikku ringh&auml;&auml;lingukultuuri edendaja\",\"publisher\":{\"@id\":\"https:\\\/\\\/ringhaaling.ee\\\/#organization\"},\"potentialAction\":[{\"@type\":\"SearchAction\",\"target\":{\"@type\":\"EntryPoint\",\"urlTemplate\":\"https:\\\/\\\/ringhaaling.ee\\\/?s={search_term_string}\"},\"query-input\":{\"@type\":\"PropertyValueSpecification\",\"valueRequired\":true,\"valueName\":\"search_term_string\"}}],\"inLanguage\":\"en-US\"},{\"@type\":\"Organization\",\"@id\":\"https:\\\/\\\/ringhaaling.ee\\\/#organization\",\"name\":\"Eesti Ringh&auml;&auml;lingute Liit\",\"url\":\"https:\\\/\\\/ringhaaling.ee\\\/\",\"logo\":{\"@type\":\"ImageObject\",\"inLanguage\":\"en-US\",\"@id\":\"https:\\\/\\\/ringhaaling.ee\\\/#\\\/schema\\\/logo\\\/image\\\/\",\"url\":\"https:\\\/\\\/ringhaaling.ee\\\/wp-content\\\/uploads\\\/2022\\\/07\\\/ERL_Valge.svg\",\"contentUrl\":\"https:\\\/\\\/ringhaaling.ee\\\/wp-content\\\/uploads\\\/2022\\\/07\\\/ERL_Valge.svg\",\"width\":769,\"height\":238,\"caption\":\"Eesti Ringh&auml;&auml;lingute Liit\"},\"image\":{\"@id\":\"https:\\\/\\\/ringhaaling.ee\\\/#\\\/schema\\\/logo\\\/image\\\/\"}}]}<\/script>\n<!-- \/ Yoast SEO plugin. -->","yoast_head_json":{"title":"Eesti Ringh&auml;&auml;lingute Liit","description":"Eesti Ringh\u00e4\u00e4lingute Liit (ERL) on valitsusv\u00e4line mittetulundus\u00fching, mis edendab rahvuslikku ringh\u00e4\u00e4lingukultuuri ning esindab raadio- ja televisiooniorganisatsioonide huve. ERL tunnustab rahvuslikke ringh\u00e4\u00e4lingukultuuri edendajaid iga-aastase kuldmikrofoni v\u00e4ljaandmisega.","robots":{"index":"index","follow":"follow","max-snippet":"max-snippet:-1","max-image-preview":"max-image-preview:large","max-video-preview":"max-video-preview:-1"},"canonical":"https:\/\/ringhaaling.ee\/","og_locale":"en_US","og_type":"article","og_title":"Eesti Ringh&auml;&auml;lingute Liit","og_description":"Eesti Ringh\u00e4\u00e4lingute Liit (ERL) on valitsusv\u00e4line mittetulundus\u00fching, mis edendab rahvuslikku ringh\u00e4\u00e4lingukultuuri ning esindab raadio- ja televisiooniorganisatsioonide huve. ERL tunnustab rahvuslikke ringh\u00e4\u00e4lingukultuuri edendajaid iga-aastase kuldmikrofoni v\u00e4ljaandmisega.","og_url":"https:\/\/ringhaaling.ee\/","og_site_name":"Eesti Ringh&auml;&auml;lingute Liit","article_modified_time":"2026-02-22T10:40:02+00:00","og_image":[{"width":607,"height":618,"url":"https:\/\/ringhaaling.ee\/wp-content\/uploads\/2022\/07\/Mikker-Wave.png","type":"image\/png"}],"twitter_card":"summary_large_image","twitter_misc":{"Est. reading time":"1 minute"},"schema":{"@context":"https:\/\/schema.org","@graph":[{"@type":"WebPage","@id":"https:\/\/ringhaaling.ee\/","url":"https:\/\/ringhaaling.ee\/","name":"Eesti Ringh&auml;&auml;lingute Liit","isPartOf":{"@id":"https:\/\/ringhaaling.ee\/#website"},"primaryImageOfPage":{"@id":"https:\/\/ringhaaling.ee\/#primaryimage"},"image":{"@id":"https:\/\/ringhaaling.ee\/#primaryimage"},"thumbnailUrl":"https:\/\/ringhaaling.ee\/wp-content\/uploads\/2022\/07\/Mikker-Wave.png","datePublished":"2022-07-24T12:15:44+00:00","dateModified":"2026-02-22T10:40:02+00:00","description":"Eesti Ringh\u00e4\u00e4lingute Liit (ERL) on valitsusv\u00e4line mittetulundus\u00fching, mis edendab rahvuslikku ringh\u00e4\u00e4lingukultuuri ning esindab raadio- ja televisiooniorganisatsioonide huve. ERL tunnustab rahvuslikke ringh\u00e4\u00e4lingukultuuri edendajaid iga-aastase kuldmikrofoni v\u00e4ljaandmisega.","breadcrumb":{"@id":"https:\/\/ringhaaling.ee\/#breadcrumb"},"inLanguage":"en-US","potentialAction":[{"@type":"ReadAction","target":["https:\/\/ringhaaling.ee\/"]}]},{"@type":"ImageObject","inLanguage":"en-US","@id":"https:\/\/ringhaaling.ee\/#primaryimage","url":"https:\/\/ringhaaling.ee\/wp-content\/uploads\/2022\/07\/Mikker-Wave.png","contentUrl":"https:\/\/ringhaaling.ee\/wp-content\/uploads\/2022\/07\/Mikker-Wave.png"},{"@type":"BreadcrumbList","@id":"https:\/\/ringhaaling.ee\/#breadcrumb","itemListElement":[{"@type":"ListItem","position":1,"name":"Home","item":"https:\/\/ringhaaling.ee\/"},{"@type":"ListItem","position":2,"name":"Home"}]},{"@type":"WebSite","@id":"https:\/\/ringhaaling.ee\/#website","url":"https:\/\/ringhaaling.ee\/","name":"Eesti Ringh&auml;&auml;lingute Liit","description":"Rahvuslikku ringh&auml;&auml;lingukultuuri edendaja","publisher":{"@id":"https:\/\/ringhaaling.ee\/#organization"},"potentialAction":[{"@type":"SearchAction","target":{"@type":"EntryPoint","urlTemplate":"https:\/\/ringhaaling.ee\/?s={search_term_string}"},"query-input":{"@type":"PropertyValueSpecification","valueRequired":true,"valueName":"search_term_string"}}],"inLanguage":"en-US"},{"@type":"Organization","@id":"https:\/\/ringhaaling.ee\/#organization","name":"Eesti Ringh&auml;&auml;lingute Liit","url":"https:\/\/ringhaaling.ee\/","logo":{"@type":"ImageObject","inLanguage":"en-US","@id":"https:\/\/ringhaaling.ee\/#\/schema\/logo\/image\/","url":"https:\/\/ringhaaling.ee\/wp-content\/uploads\/2022\/07\/ERL_Valge.svg","contentUrl":"https:\/\/ringhaaling.ee\/wp-content\/uploads\/2022\/07\/ERL_Valge.svg","width":769,"height":238,"caption":"Eesti Ringh&auml;&auml;lingute Liit"},"image":{"@id":"https:\/\/ringhaaling.ee\/#\/schema\/logo\/image\/"}}]}},"_links":{"self":[{"href":"https:\/\/ringhaaling.ee\/en\/wp-json\/wp\/v2\/pages\/1333","targetHints":{"allow":["GET"]}}],"collection":[{"href":"https:\/\/ringhaaling.ee\/en\/wp-json\/wp\/v2\/pages"}],"about":[{"href":"https:\/\/ringhaaling.ee\/en\/wp-json\/wp\/v2\/types\/page"}],"author":[{"embeddable":true,"href":"https:\/\/ringhaaling.ee\/en\/wp-json\/wp\/v2\/users\/2"}],"replies":[{"embeddable":true,"href":"https:\/\/ringhaaling.ee\/en\/wp-json\/wp\/v2\/comments?post=1333"}],"version-history":[{"count":11,"href":"https:\/\/ringhaaling.ee\/en\/wp-json\/wp\/v2\/pages\/1333\/revisions"}],"predecessor-version":[{"id":2706,"href":"https:\/\/ringhaaling.ee\/en\/wp-json\/wp\/v2\/pages\/1333\/revisions\/2706"}],"wp:attachment":[{"href":"https:\/\/ringhaaling.ee\/en\/wp-json\/wp\/v2\/media?parent=1333"}],"curies":[{"name":"wp","href":"https:\/\/api.w.org\/{rel}","templated":true}]}}